{"id":6019,"date":"2024-03-27T12:02:00","date_gmt":"2024-03-27T11:02:00","guid":{"rendered":"https:\/\/www.orthodontie-haguenau.fr\/?page_id=6019"},"modified":"2024-03-28T15:57:53","modified_gmt":"2024-03-28T14:57:53","slug":"section-enfant-adulte-laboratoire","status":"publish","type":"page","link":"https:\/\/www.orthodontie-haguenau.fr\/?page_id=6019","title":{"rendered":"Notre cabinet"},"content":{"rendered":"\n<div class=\"wp-block-greenshift-blocks-row gspb_row gspb_row-id-gsbp-2aa486b\" id=\"gspb_row-id-gsbp-2aa486b\"><div class=\"gspb_row__content\">  <\/div><\/div>\n\n\n\n<div class=\"wp-block-greenshift-blocks-container gspb_container gspb_container-gsbp-86a41bf2-933b\" id=\"gspb_container-id-gsbp-86a41bf2-933b\" data-aos=\"fade-down\" data-aos-easing=\"ease\" data-aos-duration=\"200\" data-aos-once=\"true\">\n<div class=\"wp-block-greenshift-blocks-container gspb_container gspb_container-gsbp-64e945d2-a9c3\" id=\"gspb_container-id-gsbp-64e945d2-a9c3\">\n<h2 id=\"gspb_heading-id-gsbp-9c3c791a-bf95\" class=\"gspb_heading gspb_heading-id-gsbp-9c3c791a-bf95 \">Section enfant<\/h2>\n\n\n\n<div class=\"wp-block-greenshift-blocks-container gspb_container gspb_container-gsbp-59992767-9028\" id=\"gspb_container-id-gsbp-59992767-9028\" data-aos=\"fade\" data-aos-easing=\"ease\" data-aos-duration=\"1500\"><a class=\"gspb-containerlink\" href=\"https:\/\/www.orthodontie-haguenau.fr\/?page_id=6024\" rel=\"noopener\"><\/a><\/div>\n\n\n\n<div id=\"gspb_text-id-gsbp-8f1bd7d8-c874\" class=\"gspb_text gspb_text-id-gsbp-8f1bd7d8-c874 \" data-aos=\"fade\" data-aos-easing=\"ease\" data-aos-duration=\"700\">                                                                                                                           <br><\/div>\n\n\n\n<div class=\"wp-block-greenshift-blocks-button gspb_button_wrapper gspb_button-id-gsbp-dd6fa1fe-e9b4\" id=\"gspb_button-id-gsbp-dd6fa1fe-e9b4\"><a class=\"gspb-buttonbox\" href=\"https:\/\/www.orthodontie-haguenau.fr\/?page_id=6024\" rel=\"noopener\"><span class=\"gspb-buttonbox-textwrap\"><span class=\"gspb-buttonbox-text\"><span class=\"gspb-buttonbox-title\">Galerie photos<\/span><\/span><\/span><div class=\"gspb_backgroundOverlay\"><\/div><\/a><\/div>\n<\/div>\n\n\n\n<div class=\"wp-block-greenshift-blocks-container gspb_container gspb_container-gsbp-5a4e1e3a-cd48\" id=\"gspb_container-id-gsbp-5a4e1e3a-cd48\">\n<h2 id=\"gspb_heading-id-gsbp-a507d480-ef1f\" class=\"gspb_heading gspb_heading-id-gsbp-a507d480-ef1f \">Section adulte<\/h2>\n\n\n\n<div class=\"wp-block-greenshift-blocks-container gspb_container gspb_container-gsbp-7bc034ab-e19b\" id=\"gspb_container-id-gsbp-7bc034ab-e19b\" data-aos=\"fade\" data-aos-easing=\"ease\" data-aos-duration=\"1500\"><a class=\"gspb-containerlink\" href=\"https:\/\/www.orthodontie-haguenau.fr\/?page_id=6035\" rel=\"noopener\"><\/a><\/div>\n\n\n\n<div id=\"gspb_text-id-gsbp-e68d3680-92e3\" class=\"gspb_text gspb_text-id-gsbp-e68d3680-92e3 \" data-aos=\"fade\" data-aos-easing=\"ease\" data-aos-duration=\"700\">                                                                                                                              <br><\/div>\n\n\n\n<div class=\"wp-block-greenshift-blocks-button gspb_button_wrapper gspb_button-id-gsbp-c49a78d6-dd8b\" id=\"gspb_button-id-gsbp-c49a78d6-dd8b\"><a class=\"gspb-buttonbox\" href=\"https:\/\/www.orthodontie-haguenau.fr\/?page_id=6035\" rel=\"noopener\"><span class=\"gspb-buttonbox-textwrap\"><span class=\"gspb-buttonbox-text\"><span class=\"gspb-buttonbox-title\">Galerie photos<\/span><\/span><\/span><div class=\"gspb_backgroundOverlay\"><\/div><\/a><\/div>\n<\/div>\n\n\n\n<div class=\"wp-block-greenshift-blocks-container gspb_container gspb_container-gsbp-3c221531-28fa\" id=\"gspb_container-id-gsbp-3c221531-28fa\">\n<h2 id=\"gspb_heading-id-gsbp-68ac8f4d-5ccf\" class=\"gspb_heading gspb_heading-id-gsbp-68ac8f4d-5ccf \">Section laboratoire<\/h2>\n\n\n\n<div class=\"wp-block-greenshift-blocks-container gspb_container gspb_container-gsbp-959d475d-9a3d\" id=\"gspb_container-id-gsbp-959d475d-9a3d\" data-aos=\"fade\" data-aos-easing=\"ease\" data-aos-duration=\"1500\"><a class=\"gspb-containerlink\" href=\"https:\/\/www.orthodontie-haguenau.fr\/?page_id=6042\" rel=\"noopener\"><\/a><\/div>\n\n\n\n<div id=\"gspb_text-id-gsbp-f5a35fd7-bf5f\" class=\"gspb_text gspb_text-id-gsbp-f5a35fd7-bf5f \" data-aos=\"fade\" data-aos-easing=\"ease-out-cubic\" data-aos-duration=\"700\">                                                                                   <br><\/div>\n\n\n\n<div class=\"wp-block-greenshift-blocks-button gspb_button_wrapper gspb_button-id-gsbp-15f859d2-34d5\" id=\"gspb_button-id-gsbp-15f859d2-34d5\"><a class=\"gspb-buttonbox\" href=\"https:\/\/www.orthodontie-haguenau.fr\/?page_id=6042\" rel=\"noopener\"><span class=\"gspb-buttonbox-textwrap\"><span class=\"gspb-buttonbox-text\"><span class=\"gspb-buttonbox-title\">Galerie photos<\/span><\/span><\/span><div class=\"gspb_backgroundOverlay\"><\/div><\/a><\/div>\n<\/div>\n<\/div>\n","protected":false},"excerpt":{"rendered":"","protected":false},"author":2,"featured_media":0,"parent":0,"menu_order":0,"comment_status":"closed","ping_status":"closed","template":"","meta":{"_gspb_post_css":"#gspb_row-id-gsbp-2aa486b{justify-content:space-between;margin-bottom:0;display:flex;flex-wrap:wrap;margin-top:0}#gspb_row-id-gsbp-2aa486b>.gspb_row__content{display:flex;justify-content:space-between;margin:0 auto;width:100%;flex-wrap:wrap;max-width:1200px}.gspb_row{position:relative}div[id^=gspb_col-id]{box-sizing:border-box;position:relative;padding:15px min(3vw,20px)}#gspb_heading-id-gsbp-9c3c791a-bf95{font-size:1.5rem;line-height:2rem;text-align:center!important}#gspb_heading-id-gsbp-9c3c791a-bf95 .gsap-g-line{text-align:center!important}@media (max-width:575.98px){#gspb_heading-id-gsbp-9c3c791a-bf95,#gspb_heading-id-gsbp-9c3c791a-bf95 .gsap-g-line{text-align:center!important}}#gspb_heading-id-gsbp-9c3c791a-bf95{font-weight:700!important;color:#e4e3e3d4}.gspb_text-id-gsbp-8f1bd7d8-c874{transition-duration:.7s;transition-timing-function:ease;opacity:0;transition-property:opacity,transform;font-size:1rem;line-height:1.75rem}.gspb_text-id-gsbp-8f1bd7d8-c874.aos-animate,.gspb_text-id-gsbp-8f1bd7d8-c874[data-gs-aos]{opacity:1;transform:translateZ(0)}.gspb_text-id-gsbp-8f1bd7d8-c874,.gspb_text-id-gsbp-8f1bd7d8-c874 .gsap-g-line{text-align:center!important}@media (max-width:575.98px){.gspb_text-id-gsbp-8f1bd7d8-c874,.gspb_text-id-gsbp-8f1bd7d8-c874 .gsap-g-line{text-align:center!important}}.gspb_text-id-gsbp-8f1bd7d8-c874{color:#e4e3e3d4;margin-top:1.7rem!important;box-shadow:0 15px 25px 0 rgba(0,0,0,.1)}.gspb_button-id-gsbp-dd6fa1fe-e9b4{display:flex;justify-content:center}.gspb_button-id-gsbp-dd6fa1fe-e9b4 .gspb-buttonbox-text{display:flex;flex-direction:column}.gspb_button-id-gsbp-dd6fa1fe-e9b4>.gspb-buttonbox{display:inline-block;padding:13px 26px;text-decoration:none!important;color:#fff;line-height:16px;position:relative;z-index:0;cursor:pointer;box-sizing:border-box;margin-bottom:20px;background-color:#e3e3e317;font-size:19px;font-weight:400!important;text-shadow:0 0 1px #0000001a;border-top-left-radius:30px;border-top-right-radius:30px;border-bottom-right-radius:30px;border-bottom-left-radius:30px;transition:all .3s cubic-bezier(.165,.84,.44,1)}.gspb_button-id-gsbp-dd6fa1fe-e9b4>.gspb-buttonbox>.gspb_backgroundOverlay{opacity:.24}.gspb_button-id-gsbp-15f859d2-34d5>.gspb-buttonbox .gspb-buttonbox-icon svg,.gspb_button-id-gsbp-15f859d2-34d5>.gspb-buttonbox .gspb-buttonbox-icon svg path,.gspb_button-id-gsbp-c49a78d6-dd8b>.gspb-buttonbox .gspb-buttonbox-icon svg,.gspb_button-id-gsbp-c49a78d6-dd8b>.gspb-buttonbox .gspb-buttonbox-icon svg path,.gspb_button-id-gsbp-dd6fa1fe-e9b4>.gspb-buttonbox .gspb-buttonbox-icon svg,.gspb_button-id-gsbp-dd6fa1fe-e9b4>.gspb-buttonbox .gspb-buttonbox-icon svg path{transition:all .3s cubic-bezier(.165,.84,.44,1)}.gspb_button-id-gsbp-dd6fa1fe-e9b4>.gspb-buttonbox:hover{transform:scale(1.2)}#gspb_heading-id-gsbp-a507d480-ef1f{font-size:1.5rem;line-height:2rem;text-align:center!important}#gspb_heading-id-gsbp-a507d480-ef1f .gsap-g-line{text-align:center!important}@media (max-width:575.98px){#gspb_heading-id-gsbp-a507d480-ef1f,#gspb_heading-id-gsbp-a507d480-ef1f .gsap-g-line{text-align:center!important}}#gspb_heading-id-gsbp-a507d480-ef1f{font-weight:700!important;color:#e4e3e3d4}.gspb_text-id-gsbp-e68d3680-92e3{transition-duration:.7s;transition-timing-function:ease;opacity:0;transition-property:opacity,transform;font-size:1rem;line-height:1.75rem}.gspb_text-id-gsbp-e68d3680-92e3.aos-animate,.gspb_text-id-gsbp-e68d3680-92e3[data-gs-aos]{opacity:1;transform:translateZ(0)}.gspb_text-id-gsbp-e68d3680-92e3,.gspb_text-id-gsbp-e68d3680-92e3 .gsap-g-line{text-align:center!important}@media (max-width:575.98px){.gspb_text-id-gsbp-e68d3680-92e3,.gspb_text-id-gsbp-e68d3680-92e3 .gsap-g-line{text-align:center!important}}.gspb_text-id-gsbp-e68d3680-92e3{color:#e4e3e3d4;margin-top:1.7rem!important;box-shadow:0 15px 25px 0 rgba(0,0,0,.1)}.gspb_button-id-gsbp-c49a78d6-dd8b{display:flex;justify-content:center}.gspb_button-id-gsbp-c49a78d6-dd8b .gspb-buttonbox-text{display:flex;flex-direction:column}.gspb_button-id-gsbp-c49a78d6-dd8b>.gspb-buttonbox{display:inline-block;padding:13px 26px;text-decoration:none!important;color:#fff;line-height:16px;position:relative;z-index:0;cursor:pointer;box-sizing:border-box;margin-bottom:20px;background-color:#e3e3e317;font-size:19px;font-weight:400!important;text-shadow:0 0 1px #0000001a;border-top-left-radius:30px;border-top-right-radius:30px;border-bottom-right-radius:30px;border-bottom-left-radius:30px;box-shadow:0 15px 25px 0 rgba(0,0,0,.1);transition:all .3s cubic-bezier(.165,.84,.44,1)}.gspb_button-id-gsbp-c49a78d6-dd8b>.gspb-buttonbox>.gspb_backgroundOverlay{opacity:.24}.gspb_button-id-gsbp-c49a78d6-dd8b>.gspb-buttonbox:hover{transform:scale(1.2)}#gspb_heading-id-gsbp-68ac8f4d-5ccf{font-size:1.5rem;line-height:2rem;text-align:center!important}#gspb_heading-id-gsbp-68ac8f4d-5ccf .gsap-g-line{text-align:center!important}@media (max-width:575.98px){#gspb_heading-id-gsbp-68ac8f4d-5ccf,#gspb_heading-id-gsbp-68ac8f4d-5ccf .gsap-g-line{text-align:center!important}}#gspb_heading-id-gsbp-68ac8f4d-5ccf{font-weight:700!important;color:#e4e3e3d4}.gspb_text-id-gsbp-f5a35fd7-bf5f{transition-duration:.7s;transition-timing-function:cubic-bezier(.25,.46,.45,.94);opacity:0;transition-property:opacity,transform;font-size:1rem;line-height:1.75rem}.gspb_text-id-gsbp-f5a35fd7-bf5f.aos-animate,.gspb_text-id-gsbp-f5a35fd7-bf5f[data-gs-aos]{opacity:1;transform:translateZ(0)}.gspb_text-id-gsbp-f5a35fd7-bf5f,.gspb_text-id-gsbp-f5a35fd7-bf5f .gsap-g-line{text-align:center!important}@media (max-width:575.98px){.gspb_text-id-gsbp-f5a35fd7-bf5f,.gspb_text-id-gsbp-f5a35fd7-bf5f .gsap-g-line{text-align:center!important}}.gspb_text-id-gsbp-f5a35fd7-bf5f{color:#e4e3e3d4;margin-top:1.7rem!important;box-shadow:0 15px 25px 0 rgba(0,0,0,.1)}.gspb_button-id-gsbp-15f859d2-34d5{display:flex;justify-content:center}.gspb_button-id-gsbp-15f859d2-34d5 .gspb-buttonbox-text{display:flex;flex-direction:column}.gspb_button-id-gsbp-15f859d2-34d5>.gspb-buttonbox{display:inline-block;padding:13px 26px;text-decoration:none!important;color:#fff;line-height:16px;position:relative;z-index:0;cursor:pointer;box-sizing:border-box;margin-bottom:20px;background-color:#e3e3e317;font-size:19px;font-weight:400!important;text-shadow:0 0 1px #0000001a;border-top-left-radius:30px;border-top-right-radius:30px;border-bottom-right-radius:30px;border-bottom-left-radius:30px;transition:all .3s cubic-bezier(.165,.84,.44,1)}.gspb_button-id-gsbp-15f859d2-34d5>.gspb-buttonbox>.gspb_backgroundOverlay{opacity:.24}.gspb_button-id-gsbp-15f859d2-34d5>.gspb-buttonbox:hover{transform:scale(1.2)}.gspb_container-id-gsbp-86a41bf2-933b{flex-direction:column;box-sizing:border-box}#gspb_container-id-gsbp-3c221531-28fa.gspb_container>p:last-of-type,#gspb_container-id-gsbp-59992767-9028.gspb_container>p:last-of-type,#gspb_container-id-gsbp-5a4e1e3a-cd48.gspb_container>p:last-of-type,#gspb_container-id-gsbp-64e945d2-a9c3.gspb_container>p:last-of-type,#gspb_container-id-gsbp-7bc034ab-e19b.gspb_container>p:last-of-type,#gspb_container-id-gsbp-86a41bf2-933b.gspb_container>p:last-of-type,#gspb_container-id-gsbp-959d475d-9a3d.gspb_container>p:last-of-type{margin-bottom:0}#gspb_container-id-gsbp-86a41bf2-933b.gspb_container{display:grid;grid-template-columns:repeat(3,minmax(0,1fr));row-gap:3rem;column-gap:4rem}@media (max-width:991.98px){#gspb_container-id-gsbp-86a41bf2-933b.gspb_container{row-gap:3rem;column-gap:1.5rem}}@media (max-width:575.98px){#gspb_container-id-gsbp-86a41bf2-933b.gspb_container{grid-template-columns:repeat(1,minmax(0,1fr))}}#gspb_container-id-gsbp-86a41bf2-933b.gspb_container{margin-top:5rem}@media (max-width:575.98px){#gspb_container-id-gsbp-86a41bf2-933b.gspb_container{margin-top:3rem}}#gspb_container-id-gsbp-86a41bf2-933b.gspb_container{background-size:inherit;background-repeat:no-repeat;background-position:52% 49%;transition-duration:.2s;transition-timing-function:ease;opacity:0;transition-property:opacity,transform;transform:translate3d(0,-60px,0)}#gspb_container-id-gsbp-86a41bf2-933b.gspb_container:hover{background-size:inherit}#gspb_container-id-gsbp-86a41bf2-933b.gspb_container.aos-animate,#gspb_container-id-gsbp-86a41bf2-933b.gspb_container[data-gs-aos]{opacity:1;transform:translateZ(0)}#gspb_container-id-gsbp-64e945d2-a9c3.gspb_container{box-shadow:0 15px 25px 0 var(--wp--preset--color--cyan-bluish-gray, #abb8c3)}#gspb_container-id-gsbp-59992767-9028.gspb_container,#gspb_container-id-gsbp-64e945d2-a9c3.gspb_container:hover{box-shadow:0 15px 25px 0 rgba(0,0,0,.1)}.gspb_container-id-gsbp-59992767-9028,.gspb_container-id-gsbp-64e945d2-a9c3{flex-direction:column;box-sizing:border-box}#gspb_container-id-gsbp-59992767-9028.gspb_container{margin-top:2.3rem;height:265px}@media (max-width:991.98px){#gspb_container-id-gsbp-59992767-9028.gspb_container{height:163px}}@media (max-width:575.98px){#gspb_container-id-gsbp-59992767-9028.gspb_container{height:268px}}#gspb_container-id-gsbp-59992767-9028.gspb_container,#gspb_container-id-gsbp-59992767-9028.gspb_container>.gspb_backgroundOverlay{border-top-left-radius:.7rem;border-top-right-radius:.7rem;border-bottom-right-radius:.7rem;border-bottom-left-radius:.7rem}#gspb_container-id-gsbp-59992767-9028.gspb_container{background-color:#e4e4e7;background-size:cover;background-repeat:no-repeat;background-position:51% 43%;background-image:url(https:\/\/www.orthodontie-haguenau.fr\/wp-content\/uploads\/2024\/03\/derushage.00_11_59_24.Still024-Avec-accentuation-SR-Modifier-Modifier-Web-1.jpg);transition-duration:1.5s;transition-timing-function:ease;opacity:0;transition-property:opacity,transform}#gspb_container-id-gsbp-59992767-9028.gspb_container:hover{background-position:47% 49%;background-size:cover}#gspb_container-id-gsbp-59992767-9028.gspb_container.aos-animate,#gspb_container-id-gsbp-59992767-9028.gspb_container[data-gs-aos]{opacity:1;transform:translateZ(0)}#gspb_container-id-gsbp-59992767-9028.gspb_container .gspb-containerlink{position:absolute;top:0;left:0;right:0;bottom:0;z-index:1}#gspb_container-id-gsbp-5a4e1e3a-cd48.gspb_container{box-shadow:0 15px 25px 0 var(--wp--preset--color--cyan-bluish-gray, #abb8c3);border-style:none;opacity:1}#gspb_container-id-gsbp-5a4e1e3a-cd48.gspb_container:hover,#gspb_container-id-gsbp-7bc034ab-e19b.gspb_container{box-shadow:0 15px 25px 0 rgba(0,0,0,.1)}.gspb_container-id-gsbp-5a4e1e3a-cd48,.gspb_container-id-gsbp-7bc034ab-e19b{flex-direction:column;box-sizing:border-box}#gspb_container-id-gsbp-7bc034ab-e19b.gspb_container{margin-top:2.3rem;height:265px}@media (max-width:991.98px){#gspb_container-id-gsbp-7bc034ab-e19b.gspb_container{height:163px}}@media (max-width:575.98px){#gspb_container-id-gsbp-7bc034ab-e19b.gspb_container{height:268px}}#gspb_container-id-gsbp-7bc034ab-e19b.gspb_container,#gspb_container-id-gsbp-7bc034ab-e19b.gspb_container>.gspb_backgroundOverlay{border-top-left-radius:.7rem;border-top-right-radius:.7rem;border-bottom-right-radius:.7rem;border-bottom-left-radius:.7rem}#gspb_container-id-gsbp-7bc034ab-e19b.gspb_container{background-color:#e4e4e7;background-size:cover;background-repeat:no-repeat;background-position:82% 63%;background-image:url(https:\/\/www.orthodontie-haguenau.fr\/wp-content\/uploads\/2024\/03\/derushage.00_28_20_18.Still066-Avec-accentuation-SR-Web.jpg);transition-duration:1.5s;transition-timing-function:ease;opacity:0;transition-property:opacity,transform}#gspb_container-id-gsbp-7bc034ab-e19b.gspb_container:hover{background-size:cover}#gspb_container-id-gsbp-7bc034ab-e19b.gspb_container.aos-animate,#gspb_container-id-gsbp-7bc034ab-e19b.gspb_container[data-gs-aos]{opacity:1;transform:translateZ(0)}#gspb_container-id-gsbp-7bc034ab-e19b.gspb_container .gspb-containerlink{position:absolute;top:0;left:0;right:0;bottom:0;z-index:1}#gspb_container-id-gsbp-3c221531-28fa.gspb_container{box-shadow:0 15px 25px 0 var(--wp--preset--color--cyan-bluish-gray, #abb8c3)}#gspb_container-id-gsbp-3c221531-28fa.gspb_container:hover,#gspb_container-id-gsbp-959d475d-9a3d.gspb_container{box-shadow:0 15px 25px 0 rgba(0,0,0,.1)}.gspb_container-id-gsbp-3c221531-28fa,.gspb_container-id-gsbp-959d475d-9a3d{flex-direction:column;box-sizing:border-box}.gspb_container{position:relative}#gspb_container-id-gsbp-959d475d-9a3d.gspb_container{margin-top:2.3rem;height:265px}@media (max-width:991.98px){#gspb_container-id-gsbp-959d475d-9a3d.gspb_container{height:163px}}@media (max-width:575.98px){#gspb_container-id-gsbp-959d475d-9a3d.gspb_container{height:268px}}#gspb_container-id-gsbp-959d475d-9a3d.gspb_container,#gspb_container-id-gsbp-959d475d-9a3d.gspb_container>.gspb_backgroundOverlay{border-top-left-radius:.7rem;border-top-right-radius:.7rem;border-bottom-right-radius:.7rem;border-bottom-left-radius:.7rem}#gspb_container-id-gsbp-959d475d-9a3d.gspb_container{background-color:#e4e4e7;background-size:cover;background-repeat:no-repeat;background-position:61% 38%;background-image:url(https:\/\/www.orthodontie-haguenau.fr\/wp-content\/uploads\/2024\/03\/74C9772-Modifier-Modifier-Web-1.jpg);transition-duration:1.5s;transition-timing-function:ease;opacity:0;transition-property:opacity,transform}#gspb_container-id-gsbp-959d475d-9a3d.gspb_container:hover{background-size:cover}#gspb_container-id-gsbp-959d475d-9a3d.gspb_container.aos-animate,#gspb_container-id-gsbp-959d475d-9a3d.gspb_container[data-gs-aos]{opacity:1;transform:translateZ(0)}#gspb_container-id-gsbp-959d475d-9a3d.gspb_container .gspb-containerlink{position:absolute;top:0;left:0;right:0;bottom:0;z-index:1}","_crdt_document":"","_uag_custom_page_level_css":"","advgb_blocks_editor_width":"","advgb_blocks_columns_visual_guide":"","footnotes":""},"class_list":["post-6019","page","type-page","status-publish","hentry"],"uagb_featured_image_src":{"full":false,"thumbnail":false,"medium":false,"medium_large":false,"large":false,"1536x1536":false,"2048x2048":false},"uagb_author_info":{"display_name":"Eric Toledano","author_link":"https:\/\/www.orthodontie-haguenau.fr\/?author=2"},"uagb_comment_info":0,"uagb_excerpt":null,"coauthors":[],"author_meta":{"author_link":"https:\/\/www.orthodontie-haguenau.fr\/?author=2","display_name":"Eric Toledano"},"relative_dates":{"created":"Publi\u00e9 2 ans il y a","modified":"Mis \u00e0 jour 2 ans il y a"},"absolute_dates":{"created":"Publi\u00e9 le 27 mars 2024","modified":"Mise \u00e0 jour le 28 mars 2024"},"absolute_dates_time":{"created":"Publi\u00e9 le 27 mars 2024 12 h 02 min","modified":"Mise \u00e0 jour le 28 mars 2024 15 h 57 min"},"featured_img_caption":"","featured_img":false,"series_order":"","_links":{"self":[{"href":"https:\/\/www.orthodontie-haguenau.fr\/index.php?rest_route=\/wp\/v2\/pages\/6019","targetHints":{"allow":["GET"]}}],"collection":[{"href":"https:\/\/www.orthodontie-haguenau.fr\/index.php?rest_route=\/wp\/v2\/pages"}],"about":[{"href":"https:\/\/www.orthodontie-haguenau.fr\/index.php?rest_route=\/wp\/v2\/types\/page"}],"author":[{"embeddable":true,"href":"https:\/\/www.orthodontie-haguenau.fr\/index.php?rest_route=\/wp\/v2\/users\/2"}],"replies":[{"embeddable":true,"href":"https:\/\/www.orthodontie-haguenau.fr\/index.php?rest_route=%2Fwp%2Fv2%2Fcomments&post=6019"}],"version-history":[{"count":13,"href":"https:\/\/www.orthodontie-haguenau.fr\/index.php?rest_route=\/wp\/v2\/pages\/6019\/revisions"}],"predecessor-version":[{"id":6101,"href":"https:\/\/www.orthodontie-haguenau.fr\/index.php?rest_route=\/wp\/v2\/pages\/6019\/revisions\/6101"}],"wp:attachment":[{"href":"https:\/\/www.orthodontie-haguenau.fr\/index.php?rest_route=%2Fwp%2Fv2%2Fmedia&parent=6019"}],"curies":[{"name":"wp","href":"https:\/\/api.w.org\/{rel}","templated":true}]}}