{"id":5136,"date":"2023-06-26T15:06:59","date_gmt":"2023-06-26T13:06:59","guid":{"rendered":"https:\/\/www.orthodontie-haguenau.fr\/?page_id=5136"},"modified":"2025-03-31T16:03:57","modified_gmt":"2025-03-31T14:03:57","slug":"nos-aligneurs","status":"publish","type":"page","link":"https:\/\/www.orthodontie-haguenau.fr\/?page_id=5136","title":{"rendered":"Nos Aligneurs"},"content":{"rendered":"\n<div class=\"wp-block-group alignfull has-subtle-background-color has-background\"><div class=\"wp-block-group__inner-container is-layout-flow wp-block-group-is-layout-flow\">\n<h2 class=\"wp-block-heading has-text-align-center has-medium-font-size\" id=\"c-est-grace-a-notre-investissement-dans-le-domaine-du-numerique-que-nous-sommes-fiers-d-etre-l-un-des-seuls-cabinets-a-pouvoir-proposer-a-nos-patients-un-traitement-par-aligneurs-transparents-fabriques-de-a-a-z-au-sein-meme-de-notre-cabinet-votre-traitement-devient-plus-confortable-plus-rapide-et-moins-onereux-en-raison-de-l-absence-de-frais-de-laboratoire-sous-traitant\"><strong>C\u2019est gr\u00e2ce \u00e0 notre investissement dans le domaine du num\u00e9rique que nous sommes fiers d\u2019\u00eatre l\u2019un des seuls cabinets \u00e0 pouvoir proposer \u00e0 nos patients un traitement par aligneurs transparents&nbsp;fabriqu\u00e9s de A \u00e0 Z au sein&nbsp;m\u00eame&nbsp;de notre cabinet. Votre traitement devient plus&nbsp;confortable, plus rapide, et moins&nbsp;on\u00e9reux en raison de l\u2019absence de frais de&nbsp;laboratoire&nbsp;sous traitant !<\/strong><\/h2>\n<\/div><\/div>\n\n\n\n<div class=\"wp-block-uagb-container uagb-block-37496f85 alignfull uagb-is-root-container\"><div class=\"uagb-container-inner-blocks-wrap\">\n<div class=\"wp-block-uagb-container uagb-block-dd5dafe3\">\n<div data-aos= \"fade\" data-aos-duration=\"400\" data-aos-delay=\"0\" data-aos-easing=\"ease\" data-aos-once=\"true\" class=\"wp-block-uagb-advanced-heading uagb-block-4e734585\"><h2 class=\"uagb-heading-text\">Empreintes num\u00e9riques<\/h2><p class=\"uagb-desc-text\">La prise d&#8217;empreinte en 3D, gr\u00e2ce \u00e0&nbsp;une camera optique, am\u00e9liorera votre confort et permettra au docteur d&rsquo;imaginer votre nouveau sourire sur mesure. Cet outil permet de recueillir des empreintes d&rsquo;une qualit\u00e9 incomparable par rapport aux techniques traditionnelles v\u00e9ritable atout pour un traitement orthodontique d&rsquo;excellence.<\/p><\/div>\n<\/div>\n\n\n\n<div class=\"wp-block-uagb-container uagb-block-03992990\">\n<div class=\"wp-block-greenshift-blocks-image gspb_image gspb_image-id-gsbp-9cfc24ed-5ed9\" id=\"gspb_image-id-gsbp-9cfc24ed-5ed9\"><img loading=\"lazy\" decoding=\"async\" src=\"https:\/\/www.orthodontie-haguenau.fr\/wp-content\/uploads\/2023\/06\/74A9381-HQ-scaled.jpg\" data-src=\"\" alt=\"\" loading=\"lazy\" width=\"2560\" height=\"1707\" data-aos=\"slide-left\" data-aos-easing=\"ease\" data-aos-duration=\"2000\"\/><\/div>\n<\/div>\n<\/div><\/div>\n\n\n\n<div class=\"wp-block-uagb-container uagb-block-8034dce1 alignfull uagb-is-root-container\"><div class=\"uagb-container-inner-blocks-wrap\">\n<div class=\"wp-block-uagb-container uagb-block-cbdb1873\">\n<div class=\"wp-block-greenshift-blocks-image gspb_image gspb_image-id-gsbp-7aa2624b-cf61\" id=\"gspb_image-id-gsbp-7aa2624b-cf61\"><img loading=\"lazy\" decoding=\"async\" src=\"https:\/\/www.orthodontie-haguenau.fr\/wp-content\/uploads\/2023\/06\/unnamed-4-scaled.jpg\" data-src=\"\" alt=\"\" loading=\"lazy\" width=\"2560\" height=\"1799\" data-aos=\"flip-right\" data-aos-easing=\"ease\" data-aos-duration=\"2000\"\/><\/div>\n<\/div>\n\n\n\n<div class=\"wp-block-uagb-container uagb-block-500e8316\">\n<div data-aos= \"fade\" data-aos-duration=\"400\" data-aos-delay=\"0\" data-aos-easing=\"ease\" data-aos-once=\"true\" class=\"wp-block-uagb-advanced-heading uagb-block-194da7a1\"><h2 class=\"uagb-heading-text\">Cr\u00e9ation du set up num\u00e9rique<\/h2><p class=\"uagb-desc-text\">Nous planifions vos traitements par aligneurs par le biais de notre logiciel d&rsquo;orthodontie 3D. Il permet la subdivision des mouvements dentaires planifi\u00e9s en une s\u00e9rie d\u2019\u00e9tapes individuelles.<\/p><\/div>\n<\/div>\n<\/div><\/div>\n\n\n\n<div class=\"wp-block-group alignfull\"><div class=\"wp-block-group__inner-container is-layout-flow wp-block-group-is-layout-flow\">\n<div class=\"wp-block-uagb-container uagb-block-486f4b01 alignfull uagb-is-root-container\"><div class=\"uagb-container-inner-blocks-wrap\">\n<div class=\"wp-block-uagb-container uagb-block-04e1cfbc\">\n<div data-aos= \"fade\" data-aos-duration=\"400\" data-aos-delay=\"0\" data-aos-easing=\"ease\" data-aos-once=\"true\" class=\"wp-block-uagb-advanced-heading uagb-block-d17e4b09\"><h2 class=\"uagb-heading-text\">Impression 3D<\/h2><p class=\"uagb-desc-text\">Nous pouvons d\u00e9sormais imprimer directement les mod\u00e8les issus de la prise d&#8217;empreinte 3D au cabinet. Certains appareils devant \u00eatre produits de mani\u00e8re urgente, cela nous permet de pouvoir vous apporter une r\u00e9ponse rapide et sans compromis sur la qualit\u00e9.<\/p><\/div>\n<\/div>\n\n\n\n<div class=\"wp-block-uagb-container uagb-block-58b03630\">\n<div class=\"wp-block-greenshift-blocks-image gspb_image gspb_image-id-gsbp-c8c7f0ef-8f65\" id=\"gspb_image-id-gsbp-c8c7f0ef-8f65\"><img decoding=\"async\" src=\"https:\/\/www.orthodontie-haguenau.fr\/wp-content\/uploads\/2023\/06\/plateua.jpg\" data-src=\"\" alt=\"\" loading=\"lazy\" width=\"300px\" height=\"273\" data-aos=\"fade-up-right\" data-aos-easing=\"ease\" data-aos-duration=\"2000\"\/><\/div>\n<\/div>\n<\/div><\/div>\n\n\n\n<div class=\"wp-block-uagb-container uagb-block-955e17e6 alignfull uagb-is-root-container\"><div class=\"uagb-container-inner-blocks-wrap\">\n<div class=\"wp-block-uagb-container uagb-block-d2739500\">\n<div class=\"wp-block-greenshift-blocks-image gspb_image gspb_image-id-gsbp-3260a5dd-728e\" id=\"gspb_image-id-gsbp-3260a5dd-728e\"><img loading=\"lazy\" decoding=\"async\" src=\"https:\/\/www.orthodontie-haguenau.fr\/wp-content\/uploads\/2025\/03\/20106_03.jpg\" data-src=\"\" alt=\"\" loading=\"lazy\" width=\"1400\" height=\"1400\" data-aos=\"zoom-out-left\" data-aos-easing=\"ease\" data-aos-duration=\"2000\"\/><\/div>\n<\/div>\n\n\n\n<div class=\"wp-block-uagb-container uagb-block-2c7c3897\">\n<div data-aos= \"fade\" data-aos-duration=\"400\" data-aos-delay=\"0\" data-aos-easing=\"ease\" data-aos-once=\"true\" class=\"wp-block-uagb-advanced-heading uagb-block-c23a348f\"><h2 class=\"uagb-heading-text\">Thermoformage<\/h2><p class=\"uagb-desc-text\">Nous utilisons des aligneurs en mat\u00e9riau tricouches de haute qualit\u00e9 (Scheu CA pro+) permettant le maximum de confort et d&rsquo;efficacit\u00e9. <\/p><\/div>\n<\/div>\n<\/div><\/div>\n\n\n\n<div class=\"wp-block-uagb-container uagb-block-1e3eade4 alignfull uagb-is-root-container\"><div class=\"uagb-container-inner-blocks-wrap\">\n<div class=\"wp-block-uagb-container uagb-block-bb226788\">\n<div data-aos= \"fade\" data-aos-duration=\"400\" data-aos-delay=\"0\" data-aos-easing=\"ease\" data-aos-once=\"true\" class=\"wp-block-uagb-advanced-heading uagb-block-4e617e52\"><h2 class=\"uagb-heading-text\">D\u00e9coupe et polissage des aligneurs <\/h2><p class=\"uagb-desc-text\">Nous prenons soin de fabriquer vos aligneurs de mani\u00e8re individualis\u00e9e afin d&rsquo;\u00e9viter le moindre inconfort pendant votre traitement.<\/p><\/div>\n<\/div>\n\n\n\n<div data-aos= \"fade\" data-aos-duration=\"400\" data-aos-delay=\"0\" data-aos-easing=\"ease\" data-aos-once=\"true\" class=\"wp-block-uagb-container uagb-block-17a1d43e\">\n<div class=\"wp-block-greenshift-blocks-image gspb_image gspb_image-id-gsbp-450e52bc-2ee8\" id=\"gspb_image-id-gsbp-450e52bc-2ee8\"><img loading=\"lazy\" decoding=\"async\" src=\"https:\/\/www.orthodontie-haguenau.fr\/wp-content\/uploads\/2025\/03\/inlase_001.jpg\" data-src=\"\" alt=\"\" loading=\"lazy\" width=\"780\" height=\"780\" data-aos=\"flip-down\" data-aos-easing=\"ease\" data-aos-duration=\"2000\"\/><\/div>\n<\/div>\n<\/div><\/div>\n\n\n\n<div class=\"wp-block-uagb-container uagb-block-83288e56 alignfull uagb-is-root-container\"><div class=\"uagb-container-inner-blocks-wrap\">\n<div class=\"wp-block-uagb-container uagb-block-d6967771\">\n<div class=\"wp-block-greenshift-blocks-image gspb_image gspb_image-id-gsbp-08e0a530-c110\" id=\"gspb_image-id-gsbp-08e0a530-c110\"><img loading=\"lazy\" decoding=\"async\" src=\"https:\/\/www.orthodontie-haguenau.fr\/wp-content\/uploads\/2023\/06\/istockphoto-529416814-612x612-1.jpg\" data-src=\"\" alt=\"\" loading=\"lazy\" width=\"612\" height=\"408\" data-aos=\"slide-right\" data-aos-easing=\"ease\" data-aos-duration=\"2000\"\/><\/div>\n<\/div>\n\n\n\n<div data-aos= \"fade\" data-aos-duration=\"400\" data-aos-delay=\"0\" data-aos-easing=\"ease\" data-aos-once=\"true\" class=\"wp-block-uagb-container uagb-block-10456213\">\n<div data-aos= \"fade\" data-aos-duration=\"400\" data-aos-delay=\"0\" data-aos-easing=\"ease\" data-aos-once=\"true\" class=\"wp-block-uagb-advanced-heading uagb-block-3610a181\"><h2 class=\"uagb-heading-text\">Pose des aligneurs<\/h2><p class=\"uagb-desc-text\">Nous vous accompagnerons tout au long du processus de fa\u00e7on \u00e0 garantir une adaptation maximale de vos aligneurs pour un r\u00e9sultat optimal.<\/p><\/div>\n<\/div>\n<\/div><\/div>\n\n\n\n<p class=\"wp-block-paragraph\"><\/p>\n<\/div><\/div>\n\n\n\n<div class=\"wp-block-uagb-buttons uagb-buttons__outer-wrap uagb-btn__default-btn uagb-btn-tablet__default-btn uagb-btn-mobile__default-btn uagb-block-f6befab8\"><div class=\"uagb-buttons__wrap uagb-buttons-layout-wrap \">\n<div class=\"wp-block-uagb-buttons-child uagb-buttons__outer-wrap uagb-block-e03ae102 wp-block-button\"><div class=\"uagb-button__wrapper\"><a class=\"uagb-buttons-repeater wp-block-button__link\" aria-label=\"\" href=\"https:\/\/www.orthodontie-haguenau.fr\/?page_id=5021\" rel=\"follow noopener\" target=\"_self\" role=\"button\"><div class=\"uagb-button__link\">Retour<\/div><span class=\"uagb-button__icon uagb-button__icon-position-after\"><svg xmlns=\"https:\/\/www.w3.org\/2000\/svg\" viewBox=\"0 0 384 512\" aria-hidden=\"true\" focussable=\"false\"><path d=\"M342.6 182.6C336.4 188.9 328.2 192 319.1 192s-16.38-3.125-22.62-9.375L224 109.3V432c0 44.13-35.89 80-80 80H32c-17.67 0-32-14.31-32-32s14.33-32 32-32h112C152.8 448 160 440.8 160 432V109.3L86.62 182.6c-12.5 12.5-32.75 12.5-45.25 0s-12.5-32.75 0-45.25l127.1-128c12.5-12.5 32.75-12.5 45.25 0l128 128C355.1 149.9 355.1 170.1 342.6 182.6z\"><\/path><\/svg><\/span><\/a><\/div><\/div>\n<\/div><\/div>\n","protected":false},"excerpt":{"rendered":"<p>C\u2019est gr\u00e2ce \u00e0 notre investissement dans le domaine du num\u00e9rique que nous sommes fiers d\u2019\u00eatre l\u2019un des seuls cabinets \u00e0 pouvoir proposer<\/p>\n<p class=\"link-more\"><a class=\"myButt \" href=\"https:\/\/www.orthodontie-haguenau.fr\/?page_id=5136\">Read More<\/a><\/p>\n","protected":false},"author":2,"featured_media":0,"parent":0,"menu_order":0,"comment_status":"closed","ping_status":"closed","template":"","meta":{"_gspb_post_css":"#gspb_image-id-gsbp-7aa2624b-cf61 img,#gspb_image-id-gsbp-9cfc24ed-5ed9 img,#gspb_image-id-gsbp-c8c7f0ef-8f65 img{vertical-align:top;display:inline-block;box-sizing:border-box;max-width:100%;transition-duration:2s;transition-timing-function:var(--gs-root-animation-easing, cubic-bezier(0.42, 0, 0.58, 1))}#gspb_image-id-gsbp-9cfc24ed-5ed9 img{height:auto;transition-property:transform;transform:var(--gs-root-animation-transform, translate3d(100%, 0, 0))}#gspb_image-id-gsbp-9cfc24ed-5ed9 img.aos-animate,#gspb_image-id-gsbp-9cfc24ed-5ed9 img[data-gs-aos]{transform:translateZ(0)}#gspb_image-id-gsbp-7aa2624b-cf61 img,#gspb_image-id-gsbp-c8c7f0ef-8f65 img{opacity:var(--gs-root-animation-opacity, 0)}#gspb_image-id-gsbp-7aa2624b-cf61 img{height:auto;backface-visibility:hidden;transition-property:opacity,transform;transform:var(--gs-root-animation-transform, perspective(2500px) rotateY(100deg))}#gspb_image-id-gsbp-7aa2624b-cf61 img:hover{box-shadow:0 5px 20px 0 rgba(0,0,0,.03)}#gspb_image-id-gsbp-7aa2624b-cf61 img.aos-animate,#gspb_image-id-gsbp-7aa2624b-cf61 img[data-gs-aos]{transform:perspective(2500px) rotateY(0);opacity:1}#gspb_image-id-gsbp-c8c7f0ef-8f65{text-align:center}#gspb_image-id-gsbp-c8c7f0ef-8f65 img{object-fit:fill;object-position:50% 50%;transition-property:opacity,transform,filter;transform:var(--gs-root-animation-transform, translate3d(calc(max(50px, 15%) * -1), calc(max(50px, 15%)), 0));width:300px}#gspb_image-id-gsbp-c8c7f0ef-8f65 img.aos-animate,#gspb_image-id-gsbp-c8c7f0ef-8f65 img[data-gs-aos]{opacity:1;transform:translateZ(0)}#gspb_image-id-gsbp-c8c7f0ef-8f65,#gspb_image-id-gsbp-c8c7f0ef-8f65 img{height:auto}@media (max-width:991.98px){#gspb_image-id-gsbp-c8c7f0ef-8f65,#gspb_image-id-gsbp-c8c7f0ef-8f65 img{height:auto}}@media (max-width:767.98px){#gspb_image-id-gsbp-c8c7f0ef-8f65,#gspb_image-id-gsbp-c8c7f0ef-8f65 img{height:auto}}@media (max-width:575.98px){#gspb_image-id-gsbp-c8c7f0ef-8f65,#gspb_image-id-gsbp-c8c7f0ef-8f65 img{height:auto}}#gspb_image-id-gsbp-3260a5dd-728e img{opacity:var(--gs-root-animation-opacity, 0);transition-property:opacity,transform;transform:var(--gs-root-animation-transform, translate3d(calc(max(50px, 15%)), 0, 0) scale(1.2))}#gspb_image-id-gsbp-3260a5dd-728e img.aos-animate,#gspb_image-id-gsbp-3260a5dd-728e img[data-gs-aos]{opacity:1;transform:translateZ(0) scale(1)}#gspb_image-id-gsbp-08e0a530-c110 img,#gspb_image-id-gsbp-3260a5dd-728e img,#gspb_image-id-gsbp-450e52bc-2ee8 img{vertical-align:top;display:inline-block;box-sizing:border-box;max-width:100%;height:auto;transition-duration:2s;transition-timing-function:var(--gs-root-animation-easing, cubic-bezier(0.42, 0, 0.58, 1))}#gspb_image-id-gsbp-450e52bc-2ee8 img{backface-visibility:hidden;transition-property:opacity,transform;opacity:var(--gs-root-animation-opacity, 0);transform:var(--gs-root-animation-transform, perspective(2500px) rotateX(60deg) translate3d(0, -30px, 0))}#gspb_image-id-gsbp-450e52bc-2ee8 img.aos-animate,#gspb_image-id-gsbp-450e52bc-2ee8 img[data-gs-aos]{transform:perspective(2500px) rotateX(0) translateZ(0);opacity:1}#gspb_image-id-gsbp-08e0a530-c110 img{transition-property:transform;transform:var(--gs-root-animation-transform, translate3d(-100%, 0, 0))}#gspb_image-id-gsbp-08e0a530-c110 img.aos-animate,#gspb_image-id-gsbp-08e0a530-c110 img[data-gs-aos]{transform:translateZ(0)}","_crdt_document":"","_uag_custom_page_level_css":"","advgb_blocks_editor_width":"","advgb_blocks_columns_visual_guide":"","footnotes":""},"class_list":["post-5136","page","type-page","status-publish","hentry"],"uagb_featured_image_src":{"full":false,"thumbnail":false,"medium":false,"medium_large":false,"large":false,"1536x1536":false,"2048x2048":false},"uagb_author_info":{"display_name":"Eric Toledano","author_link":"https:\/\/www.orthodontie-haguenau.fr\/?author=2"},"uagb_comment_info":0,"uagb_excerpt":"C\u2019est gr\u00e2ce \u00e0 notre investissement dans le domaine du num\u00e9rique que nous sommes fiers d\u2019\u00eatre l\u2019un des seuls cabinets \u00e0 pouvoir proposerRead More","coauthors":[],"author_meta":{"author_link":"https:\/\/www.orthodontie-haguenau.fr\/?author=2","display_name":"Eric Toledano"},"relative_dates":{"created":"Publi\u00e9 3 ans il y a","modified":"Mis \u00e0 jour 1 an il y a"},"absolute_dates":{"created":"Publi\u00e9 le 26 juin 2023","modified":"Mise \u00e0 jour le 31 mars 2025"},"absolute_dates_time":{"created":"Publi\u00e9 le 26 juin 2023 15 h 06 min","modified":"Mise \u00e0 jour le 31 mars 2025 16 h 03 min"},"featured_img_caption":"","featured_img":false,"series_order":"","_links":{"self":[{"href":"https:\/\/www.orthodontie-haguenau.fr\/index.php?rest_route=\/wp\/v2\/pages\/5136","targetHints":{"allow":["GET"]}}],"collection":[{"href":"https:\/\/www.orthodontie-haguenau.fr\/index.php?rest_route=\/wp\/v2\/pages"}],"about":[{"href":"https:\/\/www.orthodontie-haguenau.fr\/index.php?rest_route=\/wp\/v2\/types\/page"}],"author":[{"embeddable":true,"href":"https:\/\/www.orthodontie-haguenau.fr\/index.php?rest_route=\/wp\/v2\/users\/2"}],"replies":[{"embeddable":true,"href":"https:\/\/www.orthodontie-haguenau.fr\/index.php?rest_route=%2Fwp%2Fv2%2Fcomments&post=5136"}],"version-history":[{"count":37,"href":"https:\/\/www.orthodontie-haguenau.fr\/index.php?rest_route=\/wp\/v2\/pages\/5136\/revisions"}],"predecessor-version":[{"id":6450,"href":"https:\/\/www.orthodontie-haguenau.fr\/index.php?rest_route=\/wp\/v2\/pages\/5136\/revisions\/6450"}],"wp:attachment":[{"href":"https:\/\/www.orthodontie-haguenau.fr\/index.php?rest_route=%2Fwp%2Fv2%2Fmedia&parent=5136"}],"curies":[{"name":"wp","href":"https:\/\/api.w.org\/{rel}","templated":true}]}}