{"id":5021,"date":"2023-06-22T16:26:10","date_gmt":"2023-06-22T14:26:10","guid":{"rendered":"https:\/\/www.orthodontie-haguenau.fr\/?page_id=5021"},"modified":"2024-02-14T10:32:07","modified_gmt":"2024-02-14T09:32:07","slug":"5021-2","status":"publish","type":"page","link":"https:\/\/www.orthodontie-haguenau.fr\/?page_id=5021","title":{"rendered":"Les Aligneurs"},"content":{"rendered":"\n<div class=\"wp-block-greenshift-blocks-row alignfull gspb_row gspb_row-id-gsbp-490a2a75-f7fc gspb_row--gutter-custom-0\" id=\"gspb_row-id-gsbp-490a2a75-f7fc\"><div class=\"gspb_backgroundOverlay\"><\/div><div class=\"gspb_row__content\"> \n<div class=\"wp-block-greenshift-blocks-row-column gspb_row__col--8 gspb_row__col--md-12 gspb_col-id-gsbp-866d7828-65a3\" id=\"gspb_col-id-gsbp-866d7828-65a3\">\n<div class=\"wp-block-greenshift-blocks-container gspb_container gspb_container-gsbp-e980a8c8-cb8f\" id=\"gspb_container-id-gsbp-e980a8c8-cb8f\"><\/div>\n<\/div>\n\n\n\n<div class=\"wp-block-greenshift-blocks-row-column gspb_row__col--4 gspb_row__col--md-12 gspb_col-id-gsbp-3bb73da5-7081\" id=\"gspb_col-id-gsbp-3bb73da5-7081\">\n<div class=\"wp-block-greenshift-blocks-container gspb_container gspb_container-gsbp-f74dcb5e-90da\" id=\"gspb_container-id-gsbp-f74dcb5e-90da\">\n<h2 id=\"gspb_heading-id-gsbp-491947c9-41bd\" class=\"gspb_heading gspb_heading-id-gsbp-491947c9-41bd \">Les Aligneurs<\/h2>\n\n\n\n<div id=\"gspb_text-id-gsbp-850356b6-a756\" class=\"gspb_text gspb_text-id-gsbp-850356b6-a756 \">Les aligneurs constituent un syst\u00e8me de goutti\u00e8res transparentes utilis\u00e9es pour aligner les dents. \u00c0 partir d\u2019empreintes tr\u00e8s pr\u00e9cises, le laboratoire pr\u00e9pare une reproduction virtuelle tridimensionnelle de la bouche et des mouvements dentaires en fonction du plan de traitement pr\u00e9alablement \u00e9tabli par l\u2019orthodontiste qui analyse et programme toutes les \u00e9tapes du traitement. Lorsque le traitement virtuel nous convient, une s\u00e9rie de goutti\u00e8res est fabriqu\u00e9e. Chaque goutti\u00e8re servira \u00e0 d\u00e9placer les dents vers la position d\u00e9sir\u00e9e. Les goutti\u00e8res devront \u00eatre chang\u00e9es tous les 14\u00a0jours et port\u00e9es en tout temps, sauf pendant les repas. Ces goutti\u00e8res sont confortables ainsi que peu irritantes pour les joues et la langue. De plus, l\u2019hygi\u00e8ne est facilit\u00e9e puisque les appareils sont amovibles.\u00a0 De plus et depuis peu, il est possible de traiter les adolescents\u00a0avec ce m\u00eame syst\u00e8me de goutti\u00e8res. Lors de notre examen initial, nous pourrons vous confirmer si ce type de traitement peut vous convenir.<br><\/div>\n<\/div>\n\n\n\n<p class=\"wp-block-paragraph\"><\/p>\n\n\n\n<p class=\"wp-block-paragraph\"><\/p>\n\n\n\n<div class=\"wp-block-uagb-buttons uagb-buttons__outer-wrap uagb-btn__default-btn uagb-btn-tablet__default-btn uagb-btn-mobile__default-btn uagb-block-942ca955\"><div class=\"uagb-buttons__wrap uagb-buttons-layout-wrap\">\n<div class=\"wp-block-uagb-buttons-child uagb-buttons__outer-wrap uagb-block-093f3224 wp-block-button\"><div class=\"uagb-button__wrapper\"><a class=\"uagb-buttons-repeater wp-block-button__link\" href=\"https:\/\/www.orthodontie-haguenau.fr\/?page_id=5136\" onclick=\"return true;\" rel=\"follow noopener\" target=\"_self\"><div class=\"uagb-button__link\">En savoir plus<\/div><span class=\"uagb-button__icon uagb-button__icon-position-after\"><svg xmlns=\"https:\/\/www.w3.org\/2000\/svg\" viewBox=\"0 0 512 512\"><path d=\"M416 32h-64c-17.67 0-32 14.33-32 32s14.33 32 32 32h64c17.67 0 32 14.33 32 32v256c0 17.67-14.33 32-32 32h-64c-17.67 0-32 14.33-32 32s14.33 32 32 32h64c53.02 0 96-42.98 96-96V128C512 74.98 469 32 416 32zM342.6 233.4l-128-128c-12.51-12.51-32.76-12.49-45.25 0c-12.5 12.5-12.5 32.75 0 45.25L242.8 224H32C14.31 224 0 238.3 0 256s14.31 32 32 32h210.8l-73.38 73.38c-12.5 12.5-12.5 32.75 0 45.25s32.75 12.5 45.25 0l128-128C355.1 266.1 355.1 245.9 342.6 233.4z\"><\/path><\/svg><\/span><\/a><\/div><\/div>\n\n\n\n<div class=\"wp-block-uagb-buttons-child uagb-buttons__outer-wrap uagb-block-d83fe2dd wp-block-button\"><div class=\"uagb-button__wrapper\"><a class=\"uagb-buttons-repeater wp-block-button__link\" href=\"https:\/\/www.orthodontie-haguenau.fr\/?page_id=4792\" onclick=\"return true;\" rel=\"follow noopener\" target=\"_self\"><div class=\"uagb-button__link\">Retour<\/div><span class=\"uagb-button__icon uagb-button__icon-position-after\"><svg xmlns=\"https:\/\/www.w3.org\/2000\/svg\" viewBox=\"0 0 384 512\"><path d=\"M342.6 182.6C336.4 188.9 328.2 192 319.1 192s-16.38-3.125-22.62-9.375L224 109.3V432c0 44.13-35.89 80-80 80H32c-17.67 0-32-14.31-32-32s14.33-32 32-32h112C152.8 448 160 440.8 160 432V109.3L86.62 182.6c-12.5 12.5-32.75 12.5-45.25 0s-12.5-32.75 0-45.25l127.1-128c12.5-12.5 32.75-12.5 45.25 0l128 128C355.1 149.9 355.1 170.1 342.6 182.6z\"><\/path><\/svg><\/span><\/a><\/div><\/div>\n<\/div><\/div>\n\n\n\n<div class=\"wp-block-buttons is-layout-flex wp-block-buttons-is-layout-flex\"><\/div>\n<\/div>\n <\/div><\/div>\n","protected":false},"excerpt":{"rendered":"","protected":false},"author":2,"featured_media":0,"parent":0,"menu_order":0,"comment_status":"closed","ping_status":"closed","template":"","meta":{"_gspb_post_css":"#gspb_heading-id-gsbp-491947c9-41bd{font-size:3rem;line-height:3.4rem}@media (max-width:991.98px){#gspb_heading-id-gsbp-491947c9-41bd{font-size:2.3rem;line-height:2.5rem}}@media (max-width:575.98px){#gspb_heading-id-gsbp-491947c9-41bd{font-size:1.9rem}}#gspb_heading-id-gsbp-491947c9-41bd,#gspb_heading-id-gsbp-491947c9-41bd .gsap-g-line{text-align:center!important}#gspb_heading-id-gsbp-491947c9-41bd{font-weight:700!important;color:#cdcecf;box-shadow:0 15px 25px 0 var(--wp--preset--color--cyan-bluish-gray, #abb8c3)}#gspb_heading-id-gsbp-491947c9-41bd:hover{box-shadow:0 15px 25px 0 rgba(0,0,0,.1)}.gspb_text-id-gsbp-850356b6-a756{font-size:1.1rem;line-height:1.6rem;text-align:center!important;color:#cdcecf;margin-top:1.5rem!important}.gspb_text-id-gsbp-850356b6-a756 .gsap-g-line{text-align:center!important}#gspb_row-id-gsbp-490a2a75-f7fc{justify-content:space-between;margin-top:0;margin-bottom:0;display:flex;flex-wrap:wrap;padding:6rem 2rem}#gspb_row-id-gsbp-490a2a75-f7fc>.gspb_row__content{display:flex;justify-content:space-between;margin:0 auto;width:100%;flex-wrap:wrap}.gspb_row{position:relative}div[id^=gspb_col-id]{padding:15px min(3vw,20px);box-sizing:border-box;position:relative}@media (max-width:991.98px){#gspb_row-id-gsbp-490a2a75-f7fc>.gspb_row__content{row-gap:40px}}#gspb_row-id-gsbp-490a2a75-f7fc>.gspb_row__content{max-width:1200px}@media (max-width:991.98px){#gspb_row-id-gsbp-490a2a75-f7fc{padding-right:1.5rem;padding-left:1.5rem}}@media (max-width:575.98px){#gspb_row-id-gsbp-490a2a75-f7fc{padding-right:1rem;padding-left:1rem}}#gspb_row-id-gsbp-490a2a75-f7fc{background-color:#3b3a3a;border-style:none;isolation:isolate}#gspb_row-id-gsbp-490a2a75-f7fc>.gspb_backgroundOverlay{position:absolute;top:0;left:0;width:100%;height:100%;z-index:-1;opacity:1;background-image:url(https:\/\/www.orthodontie-haguenau.fr\/wp-content\/uploads\/2023\/06\/invisalign-6551505_1280.jpeg);background-size:cover;background-repeat:no-repeat;background-position:67% 55%}#gspb_col-id-gsbp-866d7828-65a3.gspb_row__col--8{width:calc(66.66666666666667% - 48px)}@media (max-width:991.98px){#gspb_col-id-gsbp-866d7828-65a3.gspb_row__col--8{width:100%}}@media (max-width:767.98px){#gspb_col-id-gsbp-866d7828-65a3.gspb_row__col--8{width:calc(100% - 48px)}}@media (max-width:575.98px){#gspb_col-id-gsbp-866d7828-65a3.gspb_row__col--8{width:100%}}.gspb_container-id-gsbp-e980a8c8-cb8f{flex-direction:column;box-sizing:border-box}#gspb_container-id-gsbp-e980a8c8-cb8f.gspb_container>p:last-of-type,#gspb_container-id-gsbp-f74dcb5e-90da.gspb_container>p:last-of-type{margin-bottom:0}#gspb_container-id-gsbp-e980a8c8-cb8f.gspb_container{display:flex;flex-direction:row;justify-content:center;margin-top:-3rem}#gspb_col-id-gsbp-3bb73da5-7081.gspb_row__col--4{width:calc(33.333333333333336% - 48px)}@media (max-width:991.98px){#gspb_col-id-gsbp-3bb73da5-7081.gspb_row__col--4{width:100%}}@media (max-width:767.98px){#gspb_col-id-gsbp-3bb73da5-7081.gspb_row__col--4{width:calc(100% - 48px)}}@media (max-width:575.98px){#gspb_col-id-gsbp-3bb73da5-7081.gspb_row__col--4{width:100%}}#gspb_col-id-gsbp-3bb73da5-7081.gspb_row__col--4{flex-direction:column}body #gspb_col-id-gsbp-3bb73da5-7081.gspb_row__col--4{display:flex;flex-direction:column;flex-wrap:nowrap;justify-content:flex-end;align-content:flex-end;align-items:flex-start}.gspb_container-id-gsbp-f74dcb5e-90da{flex-direction:column;box-sizing:border-box}.gspb_container{position:relative}#gspb_container-id-gsbp-f74dcb5e-90da.gspb_container{margin-top:2.5rem}@media (max-width:991.98px){#gspb_container-id-gsbp-f74dcb5e-90da.gspb_container{margin-top:2.5rem}}","_crdt_document":"","_uag_custom_page_level_css":"","advgb_blocks_editor_width":"","advgb_blocks_columns_visual_guide":"","footnotes":""},"class_list":["post-5021","page","type-page","status-publish","hentry"],"uagb_featured_image_src":{"full":false,"thumbnail":false,"medium":false,"medium_large":false,"large":false,"1536x1536":false,"2048x2048":false},"uagb_author_info":{"display_name":"Eric Toledano","author_link":"https:\/\/www.orthodontie-haguenau.fr\/?author=2"},"uagb_comment_info":0,"uagb_excerpt":null,"coauthors":[],"author_meta":{"author_link":"https:\/\/www.orthodontie-haguenau.fr\/?author=2","display_name":"Eric Toledano"},"relative_dates":{"created":"Publi\u00e9 3 ans il y a","modified":"Mis \u00e0 jour 2 ans il y a"},"absolute_dates":{"created":"Publi\u00e9 le 22 juin 2023","modified":"Mise \u00e0 jour le 14 f\u00e9vrier 2024"},"absolute_dates_time":{"created":"Publi\u00e9 le 22 juin 2023 16 h 26 min","modified":"Mise \u00e0 jour le 14 f\u00e9vrier 2024 10 h 32 min"},"featured_img_caption":"","featured_img":false,"series_order":"","_links":{"self":[{"href":"https:\/\/www.orthodontie-haguenau.fr\/index.php?rest_route=\/wp\/v2\/pages\/5021","targetHints":{"allow":["GET"]}}],"collection":[{"href":"https:\/\/www.orthodontie-haguenau.fr\/index.php?rest_route=\/wp\/v2\/pages"}],"about":[{"href":"https:\/\/www.orthodontie-haguenau.fr\/index.php?rest_route=\/wp\/v2\/types\/page"}],"author":[{"embeddable":true,"href":"https:\/\/www.orthodontie-haguenau.fr\/index.php?rest_route=\/wp\/v2\/users\/2"}],"replies":[{"embeddable":true,"href":"https:\/\/www.orthodontie-haguenau.fr\/index.php?rest_route=%2Fwp%2Fv2%2Fcomments&post=5021"}],"version-history":[{"count":25,"href":"https:\/\/www.orthodontie-haguenau.fr\/index.php?rest_route=\/wp\/v2\/pages\/5021\/revisions"}],"predecessor-version":[{"id":5835,"href":"https:\/\/www.orthodontie-haguenau.fr\/index.php?rest_route=\/wp\/v2\/pages\/5021\/revisions\/5835"}],"wp:attachment":[{"href":"https:\/\/www.orthodontie-haguenau.fr\/index.php?rest_route=%2Fwp%2Fv2%2Fmedia&parent=5021"}],"curies":[{"name":"wp","href":"https:\/\/api.w.org\/{rel}","templated":true}]}}