{"id":50,"date":"2017-07-05T13:02:20","date_gmt":"2017-07-05T11:02:20","guid":{"rendered":"http:\/\/themes.muffingroup.com\/be\/medic\/?page_id=2"},"modified":"2024-08-28T11:27:58","modified_gmt":"2024-08-28T09:27:58","slug":"orthodontiste-a-haguenau","status":"publish","type":"page","link":"https:\/\/www.orthodontie-haguenau.fr\/","title":{"rendered":"Orthodontiste \u00e0 HAGUENAU"},"content":{"rendered":"\t\t<div data-elementor-type=\"wp-page\" data-elementor-id=\"50\" class=\"elementor elementor-50\">\n\t\t\t\t<div class=\"elementor-element elementor-element-7d31291 e-flex e-con-boxed e-con e-parent\" data-id=\"7d31291\" data-element_type=\"container\" data-e-type=\"container\">\n\t\t\t\t\t<div class=\"e-con-inner\">\n\t\t\t\t<div class=\"elementor-element elementor-element-e7ff439 elementor-widget__width-inherit elementor-fixed opacity5 e-transform elementor-widget elementor-widget-video\" data-id=\"e7ff439\" data-element_type=\"widget\" data-e-type=\"widget\" data-settings=\"{&quot;video_type&quot;:&quot;hosted&quot;,&quot;autoplay&quot;:&quot;yes&quot;,&quot;mute&quot;:&quot;yes&quot;,&quot;_position&quot;:&quot;fixed&quot;,&quot;_transform_scale_effect&quot;:{&quot;unit&quot;:&quot;px&quot;,&quot;size&quot;:&quot;&quot;,&quot;sizes&quot;:[]},&quot;_transform_scale_effect_tablet&quot;:{&quot;unit&quot;:&quot;px&quot;,&quot;size&quot;:&quot;&quot;,&quot;sizes&quot;:[]},&quot;_transform_scale_effect_mobile&quot;:{&quot;unit&quot;:&quot;px&quot;,&quot;size&quot;:&quot;&quot;,&quot;sizes&quot;:[]}}\" data-widget_type=\"video.default\">\n\t\t\t\t\t\t\t<div class=\"e-hosted-video elementor-wrapper elementor-open-inline\">\n\t\t\t\t\t<video class=\"elementor-video\" src=\"https:\/\/www.orthodontie-haguenau.fr\/wp-content\/uploads\/2024\/03\/Intro-Cabinet-Toledano-04-HQ_3.mp4\" autoplay=\"\" muted=\"muted\" controlsList=\"nodownload\"><\/video>\n\t\t\t\t<\/div>\n\t\t\t\t\t\t<\/div>\n\t\t\t\t\t<\/div>\n\t\t\t\t<\/div>\n\t\t\t\t<\/div>\n\t\t","protected":false},"excerpt":{"rendered":"<p>https:\/\/www.orthodontie-haguenau.fr\/wp-content\/uploads\/2024\/03\/Intro-Cabinet-Toledano-04-HQ_3.mp4<\/p>\n","protected":false},"author":1,"featured_media":1301,"parent":0,"menu_order":0,"comment_status":"closed","ping_status":"open","template":"","meta":{"_gspb_post_css":"","_crdt_document":"","_uag_custom_page_level_css":"","advgb_blocks_editor_width":"","advgb_blocks_columns_visual_guide":"","footnotes":""},"class_list":["post-50","page","type-page","status-publish","has-post-thumbnail","hentry"],"uagb_featured_image_src":{"full":["https:\/\/www.orthodontie-haguenau.fr\/wp-content\/uploads\/2019\/12\/femme-sourire-dents-blanches-2-6f05fe-0@1x-1.jpg",1024,576,false],"thumbnail":["https:\/\/www.orthodontie-haguenau.fr\/wp-content\/uploads\/2019\/12\/femme-sourire-dents-blanches-2-6f05fe-0@1x-1-150x150.jpg",150,150,true],"medium":["https:\/\/www.orthodontie-haguenau.fr\/wp-content\/uploads\/2019\/12\/femme-sourire-dents-blanches-2-6f05fe-0@1x-1-300x169.jpg",300,169,true],"medium_large":["https:\/\/www.orthodontie-haguenau.fr\/wp-content\/uploads\/2019\/12\/femme-sourire-dents-blanches-2-6f05fe-0@1x-1-768x432.jpg",640,360,true],"large":["https:\/\/www.orthodontie-haguenau.fr\/wp-content\/uploads\/2019\/12\/femme-sourire-dents-blanches-2-6f05fe-0@1x-1-1024x576.jpg",640,360,true],"1536x1536":["https:\/\/www.orthodontie-haguenau.fr\/wp-content\/uploads\/2019\/12\/femme-sourire-dents-blanches-2-6f05fe-0@1x-1.jpg",1024,576,false],"2048x2048":["https:\/\/www.orthodontie-haguenau.fr\/wp-content\/uploads\/2019\/12\/femme-sourire-dents-blanches-2-6f05fe-0@1x-1.jpg",1024,576,false]},"uagb_author_info":{"display_name":"thomas.mantot","author_link":"https:\/\/www.orthodontie-haguenau.fr\/?author=1"},"uagb_comment_info":0,"uagb_excerpt":"https:\/\/www.orthodontie-haguenau.fr\/wp-content\/uploads\/2024\/03\/Intro-Cabinet-Toledano-04-HQ_3.mp4","coauthors":[],"author_meta":{"author_link":"https:\/\/www.orthodontie-haguenau.fr\/?author=1","display_name":"thomas.mantot"},"relative_dates":{"created":"Publi\u00e9 9 ans il y a","modified":"Mis \u00e0 jour 2 ans il y a"},"absolute_dates":{"created":"Publi\u00e9 le 5 juillet 2017","modified":"Mise \u00e0 jour le 28 ao\u00fbt 2024"},"absolute_dates_time":{"created":"Publi\u00e9 le 5 juillet 2017 13 h 02 min","modified":"Mise \u00e0 jour le 28 ao\u00fbt 2024 11 h 27 min"},"featured_img_caption":"","featured_img":"https:\/\/www.orthodontie-haguenau.fr\/wp-content\/uploads\/2019\/12\/femme-sourire-dents-blanches-2-6f05fe-0@1x-1-260x146.jpg","series_order":"","_links":{"self":[{"href":"https:\/\/www.orthodontie-haguenau.fr\/index.php?rest_route=\/wp\/v2\/pages\/50","targetHints":{"allow":["GET"]}}],"collection":[{"href":"https:\/\/www.orthodontie-haguenau.fr\/index.php?rest_route=\/wp\/v2\/pages"}],"about":[{"href":"https:\/\/www.orthodontie-haguenau.fr\/index.php?rest_route=\/wp\/v2\/types\/page"}],"author":[{"embeddable":true,"href":"https:\/\/www.orthodontie-haguenau.fr\/index.php?rest_route=\/wp\/v2\/users\/1"}],"replies":[{"embeddable":true,"href":"https:\/\/www.orthodontie-haguenau.fr\/index.php?rest_route=%2Fwp%2Fv2%2Fcomments&post=50"}],"version-history":[{"count":105,"href":"https:\/\/www.orthodontie-haguenau.fr\/index.php?rest_route=\/wp\/v2\/pages\/50\/revisions"}],"predecessor-version":[{"id":6381,"href":"https:\/\/www.orthodontie-haguenau.fr\/index.php?rest_route=\/wp\/v2\/pages\/50\/revisions\/6381"}],"wp:featuredmedia":[{"embeddable":true,"href":"https:\/\/www.orthodontie-haguenau.fr\/index.php?rest_route=\/wp\/v2\/media\/1301"}],"wp:attachment":[{"href":"https:\/\/www.orthodontie-haguenau.fr\/index.php?rest_route=%2Fwp%2Fv2%2Fmedia&parent=50"}],"curies":[{"name":"wp","href":"https:\/\/api.w.org\/{rel}","templated":true}]}}