{"id":4993,"date":"2023-06-22T16:00:02","date_gmt":"2023-06-22T14:00:02","guid":{"rendered":"https:\/\/www.orthodontie-haguenau.fr\/?page_id=4993"},"modified":"2023-06-26T13:09:48","modified_gmt":"2023-06-26T11:09:48","slug":"lorthodontie-entre-12-et-16-ans","status":"publish","type":"page","link":"https:\/\/www.orthodontie-haguenau.fr\/?page_id=4993","title":{"rendered":"L\u2019orthodontie entre 12 et 16 ans"},"content":{"rendered":"\n<div id=\"gspb_row-id-gsbp-b358605f-c280\" class=\"gspb_row gspb_row-id-gsbp-b358605f-c280 wp-block-greenshift-blocks-row alignfull gspb_row-id-gsbp-b358605f-c280 gspb_row--gutter-custom-0\"><div class=\"gspb_backgroundOverlay\"><\/div><div class=\"gspb_row__content\"> \n<div id=\"gspb_col-id-gsbp-ed5b5cc3-7516\" class=\"gspb_row__col--6 wp-block-greenshift-blocks-row-column  gspb_row__col--md-12 gspb_col-id-gsbp-ed5b5cc3-7516\">\n<h2 id=\"gspb_heading-id-gsbp-beef79bb-8c5a\" class=\"gspb_heading gspb_heading-id-gsbp-beef79bb-8c5a \">L\u2019orthodontie entre 12 et 16 ans<\/h2>\n\n\n\n<div id=\"gspb_text-id-gsbp-17026b28-536e\" class=\"gspb_text gspb_text-id-gsbp-17026b28-536e \"><strong>La denture d\u00e9finitive est en place, la croissance s\u2019ach\u00e8ve.<\/strong><br>Si la croissance le permet encore, on utilisera des syst\u00e8mes g\u00e9n\u00e9ralement amovibles qui permettront de corriger les d\u00e9calages entre les deux m\u00e2choires.<\/div>\n\n\n\n<div id=\"gspb_text-id-gsbp-41ab14c2-e882\" class=\"gspb_text gspb_text-id-gsbp-41ab14c2-e882 \">C\u2019est l\u2019\u00e2ge o\u00f9 les dispositifs multi-bagues fixes sont le plus fr\u00e9quemment utilis\u00e9s. Des attaches sont coll\u00e9es sur les dents et un arc y est ins\u00e9r\u00e9. Le d\u00e9placement des dents se fera sous l\u2019action de l\u2019arc et des \u00e9lastiques. Les \u00e9lastiques s\u2019installent entre les dents du haut et les dents du bas et permettent un bon embo\u00eetement ou engr\u00e8nement entre les dents du haut et du bas.<\/div>\n\n\n\n<p class=\"wp-block-paragraph\"><\/p>\n\n\n\n<div data-aos= \"fade\" data-aos-duration=\"400\" data-aos-delay=\"0\" data-aos-easing=\"ease\" data-aos-once=\"true\" class=\"wp-block-uagb-marketing-button uagb-marketing-btn__align-center uagb-marketing-btn__align-text-center uagb-marketing-btn__icon-after uagb-block-8483761f wp-block-button uag-blocks-common-selector\" style=\"--z-index-desktop:639;;--z-index-tablet:undefined;;--z-index-mobile:undefined;\"><a href=\"https:\/\/www.orthodontie-haguenau.fr\/?page_id=4792\" class=\"uagb-marketing-btn__link wp-block-button__link\" target=\"\" rel=\"noopener noreferrer\"><span class=\"uagb-marketing-btn__title\">Retour<\/span><svg xmlns=\"https:\/\/www.w3.org\/2000\/svg\" viewBox=\"0 0 512 512\"><path d=\"M384 320c-17.67 0-32 14.33-32 32v96H64V160h96c17.67 0 32-14.32 32-32s-14.33-32-32-32L64 96c-35.35 0-64 28.65-64 64V448c0 35.34 28.65 64 64 64h288c35.35 0 64-28.66 64-64v-96C416 334.3 401.7 320 384 320zM488 0H352c-12.94 0-24.62 7.797-29.56 19.75c-4.969 11.97-2.219 25.72 6.938 34.88L370.8 96L169.4 297.4c-12.5 12.5-12.5 32.75 0 45.25C175.6 348.9 183.8 352 192 352s16.38-3.125 22.62-9.375L416 141.3l41.38 41.38c9.156 9.141 22.88 11.84 34.88 6.938C504.2 184.6 512 172.9 512 160V24C512 10.74 501.3 0 488 0z\"><\/path><\/svg><p class=\"uagb-marketing-btn__prefix\"><\/p><\/a><\/div>\n<\/div>\n\n\n\n<div id=\"gspb_col-id-gsbp-2fb873b7-bae0\" class=\"gspb_row__col--6 wp-block-greenshift-blocks-row-column  gspb_row__col--md-12 gspb_col-id-gsbp-2fb873b7-bae0\">\n<div id=\"gspb_container-id-gsbp-2387fa77-e602\" class=\"gspb_container gspb_container-gsbp-2387fa77-e602 wp-block-greenshift-blocks-container\">\n<div id=\"gspb_container-id-gsbp-e4c3ea1c-57be\" class=\"gspb_container gspb_container-gsbp-e4c3ea1c-57be wp-block-greenshift-blocks-container\">\n<h6 id=\"gspb_heading-id-gsbp-9173823d-72ab\" class=\"gspb_heading gspb_heading-id-gsbp-9173823d-72ab \">Les attaches peuvent \u00eatre :<\/h6>\n<\/div>\n<\/div>\n\n\n\n<div id=\"gspb_container-id-gsbp-fe8ef8bb-dde8\" class=\"gspb_container gspb_container-gsbp-fe8ef8bb-dde8 wp-block-greenshift-blocks-container\" data-aos=\"fade\" data-aos-easing=\"ease\" data-aos-duration=\"2000\">\n<div id=\"gspb_iconBox-id-gsbp-b564a029-a3f2\" class=\"gspb_iconBox gspb_iconBox-id-gsbp-b564a029-a3f2 wp-block-greenshift-blocks-iconbox\"><div class=\"gspb_iconBox__wrapper\" style=\"display:inline-flex\" data-aos=\"fade\" data-aos-easing=\"ease\" data-aos-duration=\"2000\"><img decoding=\"async\" src=\"https:\/\/www.orthodontie-haguenau.fr\/wp-content\/uploads\/2023\/06\/unnamed-2.jpg\"\/><\/div><\/div>\n\n\n\n<div id=\"gspb_container-id-gsbp-9f3019f2-20e3\" class=\"gspb_container gspb_container-gsbp-9f3019f2-20e3 wp-block-greenshift-blocks-container\">\n<h3 id=\"gspb_heading-id-gsbp-a99393a2-dbfe\" class=\"gspb_heading gspb_heading-id-gsbp-a99393a2-dbfe \" data-aos=\"fade\" data-aos-easing=\"ease\" data-aos-duration=\"2000\"><br> m\u00e9talliques<\/h3>\n\n\n\n<div id=\"gspb_text-id-gsbp-de0058a6-d6ba\" class=\"gspb_text gspb_text-id-gsbp-de0058a6-d6ba \"><\/div>\n<\/div>\n<\/div>\n\n\n\n<div id=\"gspb_container-id-gsbp-94248aaf-3d8a\" class=\"gspb_container gspb_container-gsbp-94248aaf-3d8a wp-block-greenshift-blocks-container\">\n<div id=\"gspb_iconBox-id-gsbp-9e57b088-94e0\" class=\"gspb_iconBox gspb_iconBox-id-gsbp-9e57b088-94e0 wp-block-greenshift-blocks-iconbox\"><div class=\"gspb_iconBox__wrapper\" style=\"display:inline-flex\" data-aos=\"fade\" data-aos-easing=\"ease\" data-aos-duration=\"2000\"><img decoding=\"async\" src=\"https:\/\/www.orthodontie-haguenau.fr\/wp-content\/uploads\/2023\/06\/unnamed-3.jpg\"\/><\/div><\/div>\n\n\n\n<div id=\"gspb_container-id-gsbp-7afab42a-a5a5\" class=\"gspb_container gspb_container-gsbp-7afab42a-a5a5 wp-block-greenshift-blocks-container\">\n<h3 id=\"gspb_heading-id-gsbp-118867ea-8621\" class=\"gspb_heading gspb_heading-id-gsbp-118867ea-8621 \" data-aos=\"fade\" data-aos-easing=\"ease\" data-aos-duration=\"2000\"><br>en c\u00e9ramiques <\/h3>\n\n\n\n<div id=\"gspb_text-id-gsbp-c0bf5ffc-bdce\" class=\"gspb_text gspb_text-id-gsbp-c0bf5ffc-bdce \"><\/div>\n<\/div>\n<\/div>\n<\/div>\n <\/div><\/div>\n","protected":false},"excerpt":{"rendered":"","protected":false},"author":2,"featured_media":0,"parent":0,"menu_order":0,"comment_status":"closed","ping_status":"closed","template":"","meta":{"_gspb_post_css":"@import url(https:\/\/fonts.googleapis.com\/css?family=Poppins|Poppins:600|Poppins|Poppins|Poppins|Poppins:600|Poppins|Poppins:600|Poppins|Poppins|Poppins:600|Poppins);#gspb_heading-id-gsbp-beef79bb-8c5a,#gspb_heading-id-gsbp-beef79bb-8c5a .wp-block{font-weight:600;font-family:Poppins,sans-serif;font-size:3rem;line-height:3.7rem}@media (max-width:991.98px){#gspb_heading-id-gsbp-beef79bb-8c5a,#gspb_heading-id-gsbp-beef79bb-8c5a .wp-block{font-size:2.3rem;line-height:2.5rem}}@media (max-width:575.98px){#gspb_heading-id-gsbp-beef79bb-8c5a,#gspb_heading-id-gsbp-beef79bb-8c5a .wp-block{font-size:1.9rem;line-height:2.2rem}}#gspb_heading-id-gsbp-beef79bb-8c5a,#gspb_heading-id-gsbp-beef79bb-8c5a .wp-block{letter-spacing:-1.2px}#gspb_heading-id-gsbp-beef79bb-8c5a,#gspb_heading-id-gsbp-beef79bb-8c5a .gsap-g-line,#gspb_heading-id-gsbp-beef79bb-8c5a .wp-block{text-align:center!important}#gspb_heading-id-gsbp-beef79bb-8c5a,#gspb_heading-id-gsbp-beef79bb-8c5a .wp-block{color:#cdcecf}@media (max-width:575.98px){#gspb_heading-id-gsbp-beef79bb-8c5a{margin-top:1.5rem}}#gspb_heading-id-gsbp-beef79bb-8c5a{box-shadow:0 15px 25px 0 var(--wp--preset--color--cyan-bluish-gray, #abb8c3)}#gspb_heading-id-gsbp-beef79bb-8c5a:hover{box-shadow:0 15px 25px 0 rgba(0,0,0,.1)}.gspb_text-id-gsbp-17026b28-536e,.gspb_text-id-gsbp-17026b28-536e .wp-block{font-weight:400;font-family:Poppins,sans-serif;font-size:15px;line-height:2em}@media (max-width:991.98px){.gspb_text-id-gsbp-17026b28-536e,.gspb_text-id-gsbp-17026b28-536e .wp-block{font-size:16px;line-height:1.7em}}.gspb_text-id-gsbp-17026b28-536e,.gspb_text-id-gsbp-17026b28-536e .gsap-g-line,.gspb_text-id-gsbp-17026b28-536e .wp-block{text-align:center!important}.gspb_text-id-gsbp-17026b28-536e,.gspb_text-id-gsbp-17026b28-536e .wp-block{color:#cdcecf}@media (max-width:991.98px){.gspb_text-id-gsbp-17026b28-536e{margin-top:-.2em;margin-bottom:0}}@media (max-width:575.98px){.gspb_text-id-gsbp-17026b28-536e{margin-right:0}}.gspb_text-id-gsbp-41ab14c2-e882,.gspb_text-id-gsbp-41ab14c2-e882 .wp-block{font-weight:400;font-family:Poppins,sans-serif;font-size:15px;line-height:2em}@media (max-width:991.98px){.gspb_text-id-gsbp-41ab14c2-e882,.gspb_text-id-gsbp-41ab14c2-e882 .wp-block{font-size:16px;line-height:1.7em}}.gspb_text-id-gsbp-41ab14c2-e882,.gspb_text-id-gsbp-41ab14c2-e882 .gsap-g-line,.gspb_text-id-gsbp-41ab14c2-e882 .wp-block{text-align:center!important}.gspb_text-id-gsbp-41ab14c2-e882,.gspb_text-id-gsbp-41ab14c2-e882 .wp-block{color:#cdcecf}@media (max-width:991.98px){.gspb_text-id-gsbp-41ab14c2-e882{margin-top:-.2em;margin-bottom:0}}@media (max-width:575.98px){.gspb_text-id-gsbp-41ab14c2-e882{margin-right:0}}#gspb_col-id-gsbp-ed5b5cc3-7516.gspb_row__col--6{width:46.91358024691358%}@media (max-width:991.98px){#gspb_col-id-gsbp-ed5b5cc3-7516.gspb_row__col--6{width:100%}}@media (max-width:575.98px){#gspb_col-id-gsbp-ed5b5cc3-7516.gspb_row__col--6{width:100%}}.gspb_row.wp-block-greenshift-blocks-row #gspb_col-id-gsbp-2fb873b7-bae0.gspb_row__col--6,.gspb_row.wp-block-greenshift-blocks-row #gspb_col-id-gsbp-ed5b5cc3-7516.gspb_row__col--6{padding-right:0;padding-left:0}#gspb_heading-id-gsbp-9173823d-72ab,#gspb_heading-id-gsbp-9173823d-72ab .wp-block{font-weight:600;font-family:Poppins,sans-serif;font-size:1.3rem;line-height:1em}#gspb_heading-id-gsbp-9173823d-72ab,#gspb_heading-id-gsbp-9173823d-72ab .gsap-g-line,#gspb_heading-id-gsbp-9173823d-72ab .wp-block{text-align:center!important}#gspb_heading-id-gsbp-9173823d-72ab,#gspb_heading-id-gsbp-9173823d-72ab .wp-block{color:#cdcecf}#gspb_container-id-gsbp-e4c3ea1c-57be.gspb_container{position:relative;flex-direction:column;box-sizing:border-box;margin-left:2rem}#gspb_container-id-gsbp-2387fa77-e602.gspb_container .gspb_container__content,#gspb_container-id-gsbp-e4c3ea1c-57be.gspb_container .gspb_container__content{margin:auto}#gspb_container-id-gsbp-2387fa77-e602.gspb_container>p:last-of-type,#gspb_container-id-gsbp-7afab42a-a5a5.gspb_container>p:last-of-type,#gspb_container-id-gsbp-94248aaf-3d8a.gspb_container>p:last-of-type,#gspb_container-id-gsbp-9f3019f2-20e3.gspb_container>p:last-of-type,#gspb_container-id-gsbp-e4c3ea1c-57be.gspb_container>p:last-of-type,#gspb_container-id-gsbp-fe8ef8bb-dde8.gspb_container>p:last-of-type{margin-bottom:0}@media (max-width:575.98px){#gspb_container-id-gsbp-e4c3ea1c-57be.gspb_container{margin-top:1.8rem;margin-left:0}}#gspb_container-id-gsbp-2387fa77-e602.gspb_container{position:relative;flex-direction:column;box-sizing:border-box}body.gspb-bodyfront #gspb_container-id-gsbp-2387fa77-e602.gspb_container{display:flex;flex-direction:row}@media (max-width:575.98px){body.gspb-bodyfront #gspb_container-id-gsbp-2387fa77-e602.gspb_container{flex-direction:column}}@media (max-width:991.98px){#gspb_container-id-gsbp-2387fa77-e602.gspb_container{margin-top:1.5rem}}#gspb_iconBox-id-gsbp-9e57b088-94e0 svg,#gspb_iconBox-id-gsbp-b564a029-a3f2 svg{width:72px}#gspb_iconBox-id-gsbp-b564a029-a3f2{align-items:flex-start;display:flex}#gspb_iconBox-id-gsbp-b564a029-a3f2 img{height:150px!important;width:150px!important;min-width:150px!important}#gspb_iconBox-id-gsbp-b564a029-a3f2 .gspb_iconBox__wrapper:hover svg,#gspb_iconBox-id-gsbp-b564a029-a3f2 .gspb_iconBox__wrapper:hover svg path,#gspb_iconBox-id-gsbp-b564a029-a3f2 img,#gspb_iconBox-id-gsbp-b564a029-a3f2 img path,#gspb_iconBox-id-gsbp-b564a029-a3f2 img:hover,#gspb_iconBox-id-gsbp-b564a029-a3f2 img:hover path{fill:var(--wp--preset--color--cyan-bluish-gray, #abb8c3)!important}#gspb_iconBox-id-gsbp-b564a029-a3f2 img,#gspb_iconBox-id-gsbp-b564a029-a3f2 img path,#gspb_iconBox-id-gsbp-b564a029-a3f2 img:hover,#gspb_iconBox-id-gsbp-b564a029-a3f2 img:hover path{stroke:var(--wp--preset--color--cyan-bluish-gray, #abb8c3)!important}#gspb_iconBox-id-gsbp-b564a029-a3f2 .gspb_iconBox__wrapper{background-color:#f1f5f9;border-radius:50%;margin-top:-.2rem;padding:1em;transition-duration:2s;transition-timing-function:ease;opacity:0;transition-property:opacity,transform}#gspb_heading-id-gsbp-a99393a2-dbfe.aos-animate,#gspb_heading-id-gsbp-a99393a2-dbfe[data-gs-aos],#gspb_iconBox-id-gsbp-b564a029-a3f2 .gspb_iconBox__wrapper.aos-animate,#gspb_iconBox-id-gsbp-b564a029-a3f2 .gspb_iconBox__wrapper[data-gs-aos]{opacity:1;transform:translateZ(0)}#gspb_heading-id-gsbp-a99393a2-dbfe{transition-duration:2s;transition-timing-function:ease;opacity:0;transition-property:opacity,transform}#gspb_heading-id-gsbp-a99393a2-dbfe,#gspb_heading-id-gsbp-a99393a2-dbfe .wp-block{font-weight:600;font-family:Poppins,sans-serif;font-size:1.3rem;line-height:1em;text-align:left!important}#gspb_heading-id-gsbp-a99393a2-dbfe .gsap-g-line{text-align:left!important}#gspb_heading-id-gsbp-a99393a2-dbfe,#gspb_heading-id-gsbp-a99393a2-dbfe .wp-block{color:#cdcecf}.gspb_text-id-gsbp-de0058a6-d6ba,.gspb_text-id-gsbp-de0058a6-d6ba .wp-block{font-weight:400;font-family:Poppins,sans-serif;font-size:1rem;line-height:1.5em;color:#334155}@media (max-width:991.98px){.gspb_text-id-gsbp-de0058a6-d6ba{margin-top:1.3rem}}#gspb_container-id-gsbp-9f3019f2-20e3.gspb_container{position:relative;flex-direction:column;box-sizing:border-box;margin-left:2rem}#gspb_container-id-gsbp-9f3019f2-20e3.gspb_container .gspb_container__content,#gspb_container-id-gsbp-fe8ef8bb-dde8.gspb_container .gspb_container__content{margin:auto}@media (max-width:575.98px){#gspb_container-id-gsbp-9f3019f2-20e3.gspb_container{margin-top:1.8rem;margin-left:0}}#gspb_container-id-gsbp-fe8ef8bb-dde8.gspb_container{position:relative;flex-direction:column;box-sizing:border-box;margin-top:3rem}body.gspb-bodyfront #gspb_container-id-gsbp-fe8ef8bb-dde8.gspb_container{display:flex;flex-direction:row}@media (max-width:575.98px){body.gspb-bodyfront #gspb_container-id-gsbp-fe8ef8bb-dde8.gspb_container{flex-direction:column}}@media (max-width:991.98px){#gspb_container-id-gsbp-fe8ef8bb-dde8.gspb_container{margin-top:3.2rem}}#gspb_container-id-gsbp-fe8ef8bb-dde8.gspb_container{transition-duration:2s;transition-timing-function:ease;opacity:0;transition-property:opacity,transform}#gspb_container-id-gsbp-fe8ef8bb-dde8.gspb_container.aos-animate,#gspb_container-id-gsbp-fe8ef8bb-dde8.gspb_container[data-gs-aos],#gspb_iconBox-id-gsbp-9e57b088-94e0 .gspb_iconBox__wrapper.aos-animate,#gspb_iconBox-id-gsbp-9e57b088-94e0 .gspb_iconBox__wrapper[data-gs-aos]{opacity:1;transform:translateZ(0)}#gspb_iconBox-id-gsbp-9e57b088-94e0{align-items:flex-start;display:flex}#gspb_iconBox-id-gsbp-9e57b088-94e0 img{height:150px!important;width:150px!important;min-width:150px!important;fill:#2185ff!important}#gspb_iconBox-id-gsbp-9e57b088-94e0 img path{fill:#2185ff!important}#gspb_iconBox-id-gsbp-9e57b088-94e0 .gspb_iconBox__wrapper{background-color:#f1f5f9;border-radius:50%;margin-top:-.2rem;padding:1em}#gspb_heading-id-gsbp-118867ea-8621,#gspb_iconBox-id-gsbp-9e57b088-94e0 .gspb_iconBox__wrapper{transition-duration:2s;transition-timing-function:ease;opacity:0;transition-property:opacity,transform}#gspb_heading-id-gsbp-118867ea-8621.aos-animate,#gspb_heading-id-gsbp-118867ea-8621[data-gs-aos]{opacity:1;transform:translateZ(0)}#gspb_heading-id-gsbp-118867ea-8621,#gspb_heading-id-gsbp-118867ea-8621 .wp-block{font-weight:600;font-family:Poppins,sans-serif;font-size:1.3rem;line-height:1em}#gspb_heading-id-gsbp-118867ea-8621,#gspb_heading-id-gsbp-118867ea-8621 .gsap-g-line,#gspb_heading-id-gsbp-118867ea-8621 .wp-block{text-align:left!important}#gspb_heading-id-gsbp-118867ea-8621,#gspb_heading-id-gsbp-118867ea-8621 .wp-block{color:#cdcecf}.gspb_text-id-gsbp-c0bf5ffc-bdce,.gspb_text-id-gsbp-c0bf5ffc-bdce .wp-block{font-weight:400;font-family:Poppins,sans-serif;font-size:1rem;line-height:1.5em;color:#334155}@media (max-width:991.98px){.gspb_text-id-gsbp-c0bf5ffc-bdce{margin-top:1.3rem}}#gspb_container-id-gsbp-7afab42a-a5a5.gspb_container{position:relative;flex-direction:column;box-sizing:border-box;margin-left:2rem}#gspb_container-id-gsbp-7afab42a-a5a5.gspb_container .gspb_container__content,#gspb_container-id-gsbp-94248aaf-3d8a.gspb_container .gspb_container__content{margin:auto}@media (max-width:575.98px){#gspb_container-id-gsbp-7afab42a-a5a5.gspb_container{margin-top:1.8rem;margin-left:0}}#gspb_container-id-gsbp-94248aaf-3d8a.gspb_container{position:relative;flex-direction:column;box-sizing:border-box;margin-top:3rem}body.gspb-bodyfront #gspb_container-id-gsbp-94248aaf-3d8a.gspb_container{display:flex;flex-direction:row}@media (max-width:575.98px){body.gspb-bodyfront #gspb_container-id-gsbp-94248aaf-3d8a.gspb_container{flex-direction:column}}@media (max-width:991.98px){#gspb_container-id-gsbp-94248aaf-3d8a.gspb_container{margin-top:3.2rem}}#gspb_col-id-gsbp-2fb873b7-bae0.gspb_row__col--6{width:46.91358024691358%}@media (max-width:991.98px){#gspb_col-id-gsbp-2fb873b7-bae0.gspb_row__col--6{width:100%}}@media (max-width:575.98px){#gspb_col-id-gsbp-2fb873b7-bae0.gspb_row__col--6{width:100%}}body.gspb-bodyfront #gspb_col-id-gsbp-2fb873b7-bae0.gspb_row__col--6{width:calc(63% - 150px - 0px)}@media (max-width:991.98px){body.gspb-bodyfront #gspb_col-id-gsbp-2fb873b7-bae0.gspb_row__col--6{width:calc(undefined% - 150px - 0px)}}@media (max-width:767.98px){body.gspb-bodyfront #gspb_col-id-gsbp-2fb873b7-bae0.gspb_row__col--6{width:calc(undefined% - 150px - 0px)}}@media (max-width:575.98px){body.gspb-bodyfront #gspb_col-id-gsbp-2fb873b7-bae0.gspb_row__col--6{width:100%}}#gspb_row-id-gsbp-b358605f-c280.gspb_row{justify-content:space-between;margin-top:0;margin-bottom:0;position:relative;display:flex;flex-wrap:wrap;padding:5rem 2rem}#gspb_row-id-gsbp-b358605f-c280.gspb_row>.gspb_row__content{display:flex;justify-content:space-between;margin:0 auto;width:100%;flex-wrap:wrap}#gspb_row-id-gsbp-b358605f-c280.gspb_row div[class^=gspb_row__col]{flex-direction:column;position:relative}#gspb_row-id-gsbp-b358605f-c280.gspb_row .gspb_row__col--1,#gspb_row-id-gsbp-b358605f-c280.gspb_row .gspb_row__col--10,#gspb_row-id-gsbp-b358605f-c280.gspb_row .gspb_row__col--11,#gspb_row-id-gsbp-b358605f-c280.gspb_row .gspb_row__col--12,#gspb_row-id-gsbp-b358605f-c280.gspb_row .gspb_row__col--2,#gspb_row-id-gsbp-b358605f-c280.gspb_row .gspb_row__col--24,#gspb_row-id-gsbp-b358605f-c280.gspb_row .gspb_row__col--3,#gspb_row-id-gsbp-b358605f-c280.gspb_row .gspb_row__col--4,#gspb_row-id-gsbp-b358605f-c280.gspb_row .gspb_row__col--5,#gspb_row-id-gsbp-b358605f-c280.gspb_row .gspb_row__col--6,#gspb_row-id-gsbp-b358605f-c280.gspb_row .gspb_row__col--7,#gspb_row-id-gsbp-b358605f-c280.gspb_row .gspb_row__col--8,#gspb_row-id-gsbp-b358605f-c280.gspb_row .gspb_row__col--9{padding:15px min(3vw,20px);box-sizing:border-box}#gspb_row-id-gsbp-b358605f-c280.gspb_row>.gspb_row__content{max-width:1020px}@media (max-width:991.98px){#gspb_row-id-gsbp-b358605f-c280.gspb_row>.gspb_row__content{max-width:510px}}@media (max-width:991.98px){#gspb_row-id-gsbp-b358605f-c280.gspb_row{padding:3.5rem 1.5rem 3.5rem 1.4rem}}@media (max-width:575.98px){#gspb_row-id-gsbp-b358605f-c280.gspb_row{padding:3.4rem 3rem 2rem 2rem}}#gspb_row-id-gsbp-b358605f-c280.gspb_row{box-shadow:0 2px 4px 0 var(--wp--preset--color--cyan-bluish-gray, #abb8c3);background-color:#3b3a3a;border-style:none;z-index:0}#gspb_row-id-gsbp-b358605f-c280.gspb_row:hover{box-shadow:0 15px 25px 0 rgba(0,0,0,.1)}#gspb_row-id-gsbp-b358605f-c280.gspb_row>.gspb_backgroundOverlay{position:absolute;top:0;left:0;width:100%;height:100%;z-index:-1;opacity:.24;background-image:url(https:\/\/www.orthodontie-haguenau.fr\/wp-content\/uploads\/2019\/12\/cropped-dents-blanches-sourire-ba708d-0@1x.jpg);background-size:cover;background-repeat:no-repeat;background-position:49% 39%}","_crdt_document":"","_uag_custom_page_level_css":"","advgb_blocks_editor_width":"","advgb_blocks_columns_visual_guide":"","footnotes":""},"class_list":["post-4993","page","type-page","status-publish","hentry"],"uagb_featured_image_src":{"full":false,"thumbnail":false,"medium":false,"medium_large":false,"large":false,"1536x1536":false,"2048x2048":false},"uagb_author_info":{"display_name":"Eric Toledano","author_link":"https:\/\/www.orthodontie-haguenau.fr\/?author=2"},"uagb_comment_info":0,"uagb_excerpt":null,"coauthors":[],"author_meta":{"author_link":"https:\/\/www.orthodontie-haguenau.fr\/?author=2","display_name":"Eric Toledano"},"relative_dates":{"created":"Publi\u00e9 3 ans il y a","modified":"Mis \u00e0 jour 3 ans il y a"},"absolute_dates":{"created":"Publi\u00e9 le 22 juin 2023","modified":"Mise \u00e0 jour le 26 juin 2023"},"absolute_dates_time":{"created":"Publi\u00e9 le 22 juin 2023 16 h 00 min","modified":"Mise \u00e0 jour le 26 juin 2023 13 h 09 min"},"featured_img_caption":"","featured_img":false,"series_order":"","_links":{"self":[{"href":"https:\/\/www.orthodontie-haguenau.fr\/index.php?rest_route=\/wp\/v2\/pages\/4993","targetHints":{"allow":["GET"]}}],"collection":[{"href":"https:\/\/www.orthodontie-haguenau.fr\/index.php?rest_route=\/wp\/v2\/pages"}],"about":[{"href":"https:\/\/www.orthodontie-haguenau.fr\/index.php?rest_route=\/wp\/v2\/types\/page"}],"author":[{"embeddable":true,"href":"https:\/\/www.orthodontie-haguenau.fr\/index.php?rest_route=\/wp\/v2\/users\/2"}],"replies":[{"embeddable":true,"href":"https:\/\/www.orthodontie-haguenau.fr\/index.php?rest_route=%2Fwp%2Fv2%2Fcomments&post=4993"}],"version-history":[{"count":19,"href":"https:\/\/www.orthodontie-haguenau.fr\/index.php?rest_route=\/wp\/v2\/pages\/4993\/revisions"}],"predecessor-version":[{"id":5134,"href":"https:\/\/www.orthodontie-haguenau.fr\/index.php?rest_route=\/wp\/v2\/pages\/4993\/revisions\/5134"}],"wp:attachment":[{"href":"https:\/\/www.orthodontie-haguenau.fr\/index.php?rest_route=%2Fwp%2Fv2%2Fmedia&parent=4993"}],"curies":[{"name":"wp","href":"https:\/\/api.w.org\/{rel}","templated":true}]}}