{"id":4832,"date":"2023-06-21T17:54:18","date_gmt":"2023-06-21T15:54:18","guid":{"rendered":"https:\/\/www.orthodontie-haguenau.fr\/?page_id=4832"},"modified":"2024-03-27T10:30:01","modified_gmt":"2024-03-27T09:30:01","slug":"votre-parcours","status":"publish","type":"page","link":"https:\/\/www.orthodontie-haguenau.fr\/?page_id=4832","title":{"rendered":"votre parcours"},"content":{"rendered":"\n<div class=\"wp-block-greenshift-blocks-row alignfull gspb_row gspb_row-id-gsbp-93795c49-ee9b\" id=\"gspb_row-id-gsbp-93795c49-ee9b\"><div class=\"gspb_backgroundOverlay\"><\/div><div class=\"gspb_row__content\"> \n<div class=\"wp-block-greenshift-blocks-row-column gspb_row__col--12 gspb_col-id-gsbp-cd01a086-e9c3\" id=\"gspb_col-id-gsbp-cd01a086-e9c3\"><div class=\"gspb_backgroundOverlay\"><\/div>\n<div id=\"gspb_text-id-gsbp-86430d32-28f8\" class=\"gspb_text gspb_text-id-gsbp-86430d32-28f8 \">.<\/div>\n\n\n\n<div class=\"wp-block-greenshift-blocks-row gspb_row gspb_row-id-gsbp-ff28d6b0-767a\" id=\"gspb_row-id-gsbp-ff28d6b0-767a\"><div class=\"gspb_row__content\"> \n<div class=\"wp-block-greenshift-blocks-row-column gspb_row__col--12 gspb_col-id-gsbp-56ec2781-0d93\" id=\"gspb_col-id-gsbp-56ec2781-0d93\">\n<div class=\"wp-block-greenshift-blocks-container gspb_container gspb_container-gsbp-e847bdd4-806e\" id=\"gspb_container-id-gsbp-e847bdd4-806e\">\n<div class=\"wp-block-greenshift-blocks-container gspb_container gspb_container-gsbp-3b4c5ae8-be1e\" id=\"gspb_container-id-gsbp-3b4c5ae8-be1e\">\n<div class=\"wp-block-greenshift-blocks-container gspb_container gspb_container-gsbp-1cc8c144-1fbc\" id=\"gspb_container-id-gsbp-1cc8c144-1fbc\"><\/div>\n\n\n\n<div class=\"wp-block-greenshift-blocks-container gspb_container gspb_container-gsbp-21df5973-4800\" id=\"gspb_container-id-gsbp-21df5973-4800\">\n<div class=\"wp-block-greenshift-blocks-iconbox gspb_iconBox gspb_iconBox-id-gsbp-d1b4a080-ba4a\" id=\"gspb_iconBox-id-gsbp-d1b4a080-ba4a\"><div class=\"gspb_iconBox__wrapper\" style=\"display:inline-flex\"><svg class=\"\" style=\"display:inline-block;vertical-align:middle\" width=\"72\" height=\"72\" viewBox=\"0 0 1024 1024\" xmlns=\"http:\/\/www.w3.org\/2000\/svg\"><path style=\"fill:#565D66\" d=\"M768 480v64c0 13.2-10.8 24-24 24h-176v176c0 13.2-10.8 24-24 24h-64c-13.2 0-24-10.8-24-24v-176h-176c-13.2 0-24-10.8-24-24v-64c0-13.2 10.8-24 24-24h176v-176c0-13.2 10.8-24 24-24h64c13.2 0 24 10.8 24 24v176h176c13.2 0 24 10.8 24 24zM1008 512c0 274-222 496-496 496s-496-222-496-496 222-496 496-496 496 222 496 496zM912 512c0-221-179-400-400-400s-400 179-400 400 179 400 400 400 400-179 400-400z\"><\/path><\/svg><\/div><\/div>\n<\/div>\n\n\n\n<div class=\"wp-block-greenshift-blocks-container gspb_container gspb_container-gsbp-4c6677c5-3829\" id=\"gspb_container-id-gsbp-4c6677c5-3829\">\n<div id=\"gspb_text-id-gsbp-11d9bf97-d846\" class=\"gspb_text gspb_text-id-gsbp-11d9bf97-d846 \" data-aos=\"zoom-in\" data-aos-easing=\"ease-in\" data-aos-duration=\"700\">La premi\u00e8re consultation<\/div>\n\n\n\n<div id=\"gspb_text-id-gsbp-d1c3a351-44f6\" class=\"gspb_text gspb_text-id-gsbp-d1c3a351-44f6 \">La premi\u00e8re consultation nous permet de r\u00e9aliser un examen clinique et de d\u00e9terminer si un traitement orthodontique est indiqu\u00e9.<br>Un devis d\u00e9taill\u00e9 vous sera remis et nous vous expliquerons les modalit\u00e9s administratives de prise en charge de votre traitement.<br>Le tarif d\u2019un traitement orthodontique varie en fonction des anomalies \u00e0 corriger, du type d\u2019appareil et de la dur\u00e9e de traitement.<br><br><\/div>\n\n\n\n<div class=\"wp-block-buttons is-content-justification-center is-layout-flex wp-container-core-buttons-is-layout-fe48e5de wp-block-buttons-is-layout-flex\">\n<div class=\"wp-block-button\"><a class=\"wp-block-button__link has-background wp-element-button\" href=\"https:\/\/www.orthodontie-haguenau.fr\/?page_id=4522(ouvre un nouvel onglet)\" style=\"background-color:#6c6c6d94\" target=\"_blank\" rel=\"noreferrer noopener\">En savoir plus sur les tarifs et remboursements<\/a><\/div>\n<\/div>\n<\/div>\n<\/div>\n\n\n\n<div class=\"wp-block-greenshift-blocks-container gspb_container gspb_container-gsbp-2774682c-7a93\" id=\"gspb_container-id-gsbp-2774682c-7a93\">\n<div class=\"wp-block-greenshift-blocks-container gspb_container gspb_container-gsbp-d314c250-e9a4\" id=\"gspb_container-id-gsbp-d314c250-e9a4\"><\/div>\n\n\n\n<div class=\"wp-block-greenshift-blocks-container gspb_container gspb_container-gsbp-a505b460-6668\" id=\"gspb_container-id-gsbp-a505b460-6668\">\n<div class=\"wp-block-greenshift-blocks-iconbox gspb_iconBox gspb_iconBox-id-gsbp-748a8cc4-e673\" id=\"gspb_iconBox-id-gsbp-748a8cc4-e673\"><div class=\"gspb_iconBox__wrapper\" style=\"display:inline-flex\"><svg class=\"\" style=\"display:inline-block;vertical-align:middle\" width=\"72\" height=\"72\" viewBox=\"0 0 1024 1024\" xmlns=\"http:\/\/www.w3.org\/2000\/svg\"><path style=\"fill:#565D66\" d=\"M308 160h-232c-6.6 0-12-5.4-12-12v-72c0-6.6 5.4-12 12-12h232c6.6 0 12 5.4 12 12v72c0 6.6-5.4 12-12 12zM1024 160v704c0 53-43 96-96 96h-832c-53 0-96-43-96-96v-576c0-53 43-96 96-96h272l67.2-89.6c18.2-24.2 46.6-38.4 76.8-38.4h416c53 0 96 43 96 96zM928 288h-832v576h832v-576zM928 160h-416l-24 32h440v-32zM752 576c0-132.4-107.6-240-240-240s-240 107.6-240 240 107.6 240 240 240 240-107.6 240-240zM656 576c0 79.4-64.6 144-144 144s-144-64.6-144-144 64.6-144 144-144 144 64.6 144 144zM464 576c0-26.4 21.6-48 48-48 17.6 0 32-14.4 32-32s-14.4-32-32-32c-61.8 0-112 50.2-112 112 0 17.6 14.4 32 32 32s32-14.4 32-32z\"><\/path><\/svg><\/div><\/div>\n<\/div>\n\n\n\n<div class=\"wp-block-greenshift-blocks-container gspb_container gspb_container-gsbp-24430940-5a94\" id=\"gspb_container-id-gsbp-24430940-5a94\">\n<div id=\"gspb_text-id-gsbp-df9a62a6-d205\" class=\"gspb_text gspb_text-id-gsbp-df9a62a6-d205 \" data-aos=\"zoom-in\" data-aos-easing=\"ease\" data-aos-duration=\"700\">Le bilan orthodontique + Le dossier administratif<\/div>\n\n\n\n<div id=\"gspb_text-id-gsbp-0ed58c68-5beb\" class=\"gspb_text gspb_text-id-gsbp-0ed58c68-5beb \">Si une indication de traitement est pos\u00e9e, un bilan orthodontique complet compos\u00e9 de photographies, de radiographies et d\u2019empreintes sera programm\u00e9 afin d\u2019\u00e9tablir un diagnostic pr\u00e9cis et un plan de traitement individualis\u00e9.<br><\/div>\n<\/div>\n<\/div>\n\n\n\n<div class=\"wp-block-greenshift-blocks-container gspb_container gspb_container-gsbp-67400cbd-d02a\" id=\"gspb_container-id-gsbp-67400cbd-d02a\">\n<div class=\"wp-block-greenshift-blocks-container gspb_container gspb_container-gsbp-28fc5380-6dd2\" id=\"gspb_container-id-gsbp-28fc5380-6dd2\">\n<div class=\"wp-block-greenshift-blocks-iconbox gspb_iconBox gspb_iconBox-id-gsbp-170aa8ad-57d0\" id=\"gspb_iconBox-id-gsbp-170aa8ad-57d0\"><div class=\"gspb_iconBox__wrapper\" style=\"display:inline-flex\"><svg class=\"\" style=\"display:inline-block;vertical-align:middle\" width=\"72\" height=\"72\" viewBox=\"0 0 1024 1024\" xmlns=\"http:\/\/www.w3.org\/2000\/svg\"><path style=\"fill:#565D66\" d=\"M871.696 166.932l-526.088 526.088-193.304-193.304c-9.372-9.372-24.568-9.372-33.942 0l-56.568 56.568c-9.372 9.372-9.372 24.568 0 33.942l266.842 266.842c9.372 9.372 24.568 9.372 33.942 0l599.626-599.626c9.372-9.372 9.372-24.568 0-33.942l-56.568-56.568c-9.372-9.372-24.568-9.372-33.94 0z\"><\/path><\/svg><\/div><\/div>\n<\/div>\n\n\n\n<div class=\"wp-block-greenshift-blocks-container gspb_container gspb_container-gsbp-476498cc-f6d6\" id=\"gspb_container-id-gsbp-476498cc-f6d6\">\n<div id=\"gspb_text-id-gsbp-6aeb073c-18fc\" class=\"gspb_text gspb_text-id-gsbp-6aeb073c-18fc \" data-aos=\"zoom-in\" data-aos-easing=\"ease\" data-aos-duration=\"700\">Mise en place du syst\u00e8me et suivi<\/div>\n\n\n\n<div id=\"gspb_text-id-gsbp-0df57370-71a6\" class=\"gspb_text gspb_text-id-gsbp-0df57370-71a6 \">Apr\u00e8s la mise en place de votre appareil, nous vous reverrons en consultation \u00e0 intervalles r\u00e9guliers. <br><\/div>\n<\/div>\n<\/div>\n<\/div>\n\n\n\n<p class=\"wp-block-paragraph\"><\/p>\n<\/div>\n <\/div><\/div>\n<\/div>\n <\/div><\/div>\n","protected":false},"excerpt":{"rendered":"","protected":false},"author":2,"featured_media":0,"parent":0,"menu_order":0,"comment_status":"closed","ping_status":"closed","template":"","meta":{"_gspb_post_css":".gspb_text-id-gsbp-86430d32-28f8,.gspb_text-id-gsbp-86430d32-28f8 .gsap-g-line{text-align:center!important}.gspb_text-id-gsbp-86430d32-28f8{color:#52525b;max-width:512px}#gspb_iconBox-id-gsbp-d1b4a080-ba4a svg{height:30px!important;width:30px!important;min-width:30px!important}#gspb_iconBox-id-gsbp-170aa8ad-57d0,#gspb_iconBox-id-gsbp-748a8cc4-e673,#gspb_iconBox-id-gsbp-d1b4a080-ba4a{justify-content:center;display:flex}#gspb_iconBox-id-gsbp-d1b4a080-ba4a svg,#gspb_iconBox-id-gsbp-d1b4a080-ba4a svg path{fill:var(--wp--preset--color--vivid-cyan-blue, #0693e3)!important}#gspb_iconBox-id-gsbp-d1b4a080-ba4a svg{margin:0!important}#gspb_iconBox-id-gsbp-d1b4a080-ba4a .gspb_iconBox__wrapper{background-color:#fff;border-radius:50%;padding:15px}.gspb_text-id-gsbp-11d9bf97-d846{transition-duration:.7s;transition-timing-function:ease-in;opacity:0;transition-property:opacity,transform;transform:scale(.6);font-size:1.2rem;line-height:1.8rem}.gspb_text-id-gsbp-11d9bf97-d846.aos-animate,.gspb_text-id-gsbp-11d9bf97-d846[data-gs-aos]{opacity:1;transform:translateZ(0) scale(1)}.gspb_text-id-gsbp-11d9bf97-d846,.gspb_text-id-gsbp-11d9bf97-d846 .gsap-g-line{text-align:center!important}.gspb_text-id-gsbp-11d9bf97-d846{font-weight:600!important;color:#010101}.gspb_text-id-gsbp-d1c3a351-44f6{font-size:1rem;text-align:center!important;color:#52525b;margin-top:1px!important}.gspb_text-id-gsbp-d1c3a351-44f6 .gsap-g-line{text-align:center!important}#gspb_iconBox-id-gsbp-748a8cc4-e673 svg,#gspb_iconBox-id-gsbp-748a8cc4-e673 svg path{fill:var(--wp--preset--color--vivid-cyan-blue, #0693e3)!important}.gspb_text-id-gsbp-df9a62a6-d205{transition-duration:.7s;transition-timing-function:ease;opacity:0;transition-property:opacity,transform;transform:scale(.6);font-size:1.2rem;line-height:1.8rem}.gspb_text-id-gsbp-df9a62a6-d205.aos-animate,.gspb_text-id-gsbp-df9a62a6-d205[data-gs-aos]{opacity:1;transform:translateZ(0) scale(1)}.gspb_text-id-gsbp-df9a62a6-d205,.gspb_text-id-gsbp-df9a62a6-d205 .gsap-g-line{text-align:center!important}.gspb_text-id-gsbp-df9a62a6-d205{font-weight:600!important;color:#000}.gspb_text-id-gsbp-0ed58c68-5beb{font-size:1rem;text-align:center!important;color:#52525b;margin-top:1rem!important}.gspb_text-id-gsbp-0ed58c68-5beb .gsap-g-line{text-align:center!important}#gspb_iconBox-id-gsbp-170aa8ad-57d0 svg,#gspb_iconBox-id-gsbp-748a8cc4-e673 svg{height:30px!important;width:30px!important;min-width:30px!important;margin:0!important}#gspb_iconBox-id-gsbp-170aa8ad-57d0 svg,#gspb_iconBox-id-gsbp-170aa8ad-57d0 svg path{fill:var(--wp--preset--color--vivid-cyan-blue, #0693e3)!important}#gspb_iconBox-id-gsbp-170aa8ad-57d0 .gspb_iconBox__wrapper,#gspb_iconBox-id-gsbp-748a8cc4-e673 .gspb_iconBox__wrapper{background-color:#fff;border-radius:50%;padding:15px}.gspb_text-id-gsbp-6aeb073c-18fc{transition-duration:.7s;transition-timing-function:ease;opacity:0;transition-property:opacity,transform;transform:scale(.6);font-size:1.2rem;line-height:1.8rem}.gspb_text-id-gsbp-6aeb073c-18fc.aos-animate,.gspb_text-id-gsbp-6aeb073c-18fc[data-gs-aos]{opacity:1;transform:translateZ(0) scale(1)}.gspb_text-id-gsbp-6aeb073c-18fc,.gspb_text-id-gsbp-6aeb073c-18fc .gsap-g-line{text-align:center!important}.gspb_text-id-gsbp-6aeb073c-18fc{font-weight:600!important;color:#000;border-color:#0000003b;border-style:none none none solid}.gspb_text-id-gsbp-6aeb073c-18fc:hover{border-width:6px;border-style:none}.gspb_text-id-gsbp-0df57370-71a6{font-size:1rem;text-align:center!important;color:#52525b;margin-top:1rem!important;border-color:#0000003b;border-style:none none none solid}.gspb_text-id-gsbp-0df57370-71a6 .gsap-g-line{text-align:center!important}.gspb_text-id-gsbp-0df57370-71a6:hover{border-style:none;border-width:6px}#gspb_row-id-gsbp-ff28d6b0-767a{justify-content:space-between;margin-top:0;margin-bottom:0;display:flex;flex-wrap:wrap;margin-top:4rem}#gspb_row-id-gsbp-ff28d6b0-767a>.gspb_row__content{display:flex;justify-content:space-between;margin:0 auto;width:100%;flex-wrap:wrap;max-width:448px}.gspb_row{position:relative}div[id^=gspb_col-id]{box-sizing:border-box;position:relative;padding:15px min(3vw,20px)}@media (max-width:575.98px){#gspb_row-id-gsbp-ff28d6b0-767a>.gspb_row__content{max-width:400px}}@media (max-width:575.98px){#gspb_row-id-gsbp-ff28d6b0-767a{margin-top:3rem}}#gspb_row-id-gsbp-93795c49-ee9b{justify-content:space-between;margin-top:0;margin-bottom:0;display:flex;flex-wrap:wrap;min-height:1000%;padding-top:4rem;padding-bottom:4rem}#gspb_row-id-gsbp-93795c49-ee9b>.gspb_row__content{display:flex;justify-content:space-between;margin:0 auto;width:100%;flex-wrap:wrap;max-width:2500px}@media (max-width:991.98px){#gspb_row-id-gsbp-93795c49-ee9b{padding-top:4rem;padding-bottom:4rem}}@media (max-width:575.98px){#gspb_row-id-gsbp-93795c49-ee9b{padding-top:2.5rem;padding-bottom:2.5rem}}#gspb_row-id-gsbp-93795c49-ee9b{background-color:#f5f5f5;isolation:isolate}#gspb_row-id-gsbp-93795c49-ee9b>.gspb_backgroundOverlay{position:absolute;top:0;left:0;width:100%;height:100%;z-index:-1;opacity:.41;background-image:url(https:\/\/www.orthodontie-haguenau.fr\/wp-content\/uploads\/2023\/06\/WhatsApp-Image-2023-06-12-at-13.53.11-1.jpeg);background-size:cover;background-repeat:no-repeat;background-position:20% 85%}#gspb_col-id-gsbp-cd01a086-e9c3.gspb_row__col--12{width:100%}@media (max-width:575.98px){#gspb_col-id-gsbp-cd01a086-e9c3.gspb_row__col--12{width:100%}}@media (min-width:992px){body.gspb-bodyfront #gspb_col-id-gsbp-cd01a086-e9c3.gspb_row__col--12{width:calc(69.4% - 0px - 0px)}}.gspb_row #gspb_col-id-gsbp-cd01a086-e9c3.gspb_row__col--12{padding-right:2rem;padding-left:2rem}@media (max-width:991.98px){.gspb_row #gspb_col-id-gsbp-cd01a086-e9c3.gspb_row__col--12{padding-right:1.5rem;padding-left:1.5rem}}@media (max-width:575.98px){.gspb_row #gspb_col-id-gsbp-cd01a086-e9c3.gspb_row__col--12{padding-right:1rem;padding-left:1rem}}#gspb_col-id-gsbp-cd01a086-e9c3.gspb_row__col--12{box-shadow:0 32px 48px 0 rgba(0,0,0,.15);border-width:9px;isolation:isolate}#gspb_col-id-gsbp-cd01a086-e9c3.gspb_row__col--12>.gspb_backgroundOverlay{position:absolute;top:0;left:0;width:100%;height:100%;z-index:-1;opacity:.37;background-size:cover;background-repeat:no-repeat;background-position:43% 99%}body #gspb_col-id-gsbp-cd01a086-e9c3.gspb_row__col--12{display:flex;flex-wrap:wrap;justify-content:flex-end;align-content:center;align-items:center}#gspb_col-id-gsbp-56ec2781-0d93.gspb_row__col--12{width:100%}@media (max-width:575.98px){#gspb_col-id-gsbp-56ec2781-0d93.gspb_row__col--12{width:100%}}.gspb_container-id-gsbp-e847bdd4-806e{flex-direction:column;box-sizing:border-box}#gspb_container-id-gsbp-1cc8c144-1fbc.gspb_container>p:last-of-type,#gspb_container-id-gsbp-21df5973-4800.gspb_container>p:last-of-type,#gspb_container-id-gsbp-24430940-5a94.gspb_container>p:last-of-type,#gspb_container-id-gsbp-2774682c-7a93.gspb_container>p:last-of-type,#gspb_container-id-gsbp-28fc5380-6dd2.gspb_container>p:last-of-type,#gspb_container-id-gsbp-3b4c5ae8-be1e.gspb_container>p:last-of-type,#gspb_container-id-gsbp-476498cc-f6d6.gspb_container>p:last-of-type,#gspb_container-id-gsbp-4c6677c5-3829.gspb_container>p:last-of-type,#gspb_container-id-gsbp-67400cbd-d02a.gspb_container>p:last-of-type,#gspb_container-id-gsbp-a505b460-6668.gspb_container>p:last-of-type,#gspb_container-id-gsbp-d314c250-e9a4.gspb_container>p:last-of-type,#gspb_container-id-gsbp-e847bdd4-806e.gspb_container>p:last-of-type{margin-bottom:0}#gspb_container-id-gsbp-e847bdd4-806e.gspb_container{display:grid;grid-template-columns:repeat(1,minmax(0,1fr));row-gap:3rem}@media (max-width:575.98px){#gspb_container-id-gsbp-e847bdd4-806e.gspb_container{grid-template-columns:repeat(1,minmax(0,1fr))}}.gspb_container-id-gsbp-1cc8c144-1fbc,.gspb_container-id-gsbp-3b4c5ae8-be1e{flex-direction:column;box-sizing:border-box}#gspb_container-id-gsbp-3b4c5ae8-be1e.gspb_container{display:flex;flex-direction:row;column-gap:1.5rem}body.gspb-bodyfront #gspb_container-id-gsbp-1cc8c144-1fbc.gspb_container,body.gspb-bodyfront #gspb_container-id-gsbp-d314c250-e9a4.gspb_container{position:absolute;top:4rem;left:1.9rem}#gspb_container-id-gsbp-1cc8c144-1fbc.gspb_container{height:100%;border-left-style:dotted;border-left-width:3px}#gspb_container-id-gsbp-2774682c-7a93.gspb_container{display:flex;flex-direction:row;column-gap:1.5rem}#gspb_container-id-gsbp-d314c250-e9a4.gspb_container{height:100%;border-left-style:dotted;border-left-width:3px}.gspb_container-id-gsbp-21df5973-4800,.gspb_container-id-gsbp-24430940-5a94,.gspb_container-id-gsbp-2774682c-7a93,.gspb_container-id-gsbp-28fc5380-6dd2,.gspb_container-id-gsbp-476498cc-f6d6,.gspb_container-id-gsbp-4c6677c5-3829,.gspb_container-id-gsbp-67400cbd-d02a,.gspb_container-id-gsbp-a505b460-6668,.gspb_container-id-gsbp-d314c250-e9a4{flex-direction:column;box-sizing:border-box}#gspb_container-id-gsbp-67400cbd-d02a.gspb_container{display:flex;flex-direction:row;column-gap:1.5rem}.gspb_container{position:relative}","_crdt_document":"","_uag_custom_page_level_css":"","advgb_blocks_editor_width":"","advgb_blocks_columns_visual_guide":"","footnotes":""},"class_list":["post-4832","page","type-page","status-publish","hentry"],"uagb_featured_image_src":{"full":false,"thumbnail":false,"medium":false,"medium_large":false,"large":false,"1536x1536":false,"2048x2048":false},"uagb_author_info":{"display_name":"Eric Toledano","author_link":"https:\/\/www.orthodontie-haguenau.fr\/?author=2"},"uagb_comment_info":0,"uagb_excerpt":null,"coauthors":[],"author_meta":{"author_link":"https:\/\/www.orthodontie-haguenau.fr\/?author=2","display_name":"Eric Toledano"},"relative_dates":{"created":"Publi\u00e9 3 ans il y a","modified":"Mis \u00e0 jour 2 ans il y a"},"absolute_dates":{"created":"Publi\u00e9 le 21 juin 2023","modified":"Mise \u00e0 jour le 27 mars 2024"},"absolute_dates_time":{"created":"Publi\u00e9 le 21 juin 2023 17 h 54 min","modified":"Mise \u00e0 jour le 27 mars 2024 10 h 30 min"},"featured_img_caption":"","featured_img":false,"series_order":"","_links":{"self":[{"href":"https:\/\/www.orthodontie-haguenau.fr\/index.php?rest_route=\/wp\/v2\/pages\/4832","targetHints":{"allow":["GET"]}}],"collection":[{"href":"https:\/\/www.orthodontie-haguenau.fr\/index.php?rest_route=\/wp\/v2\/pages"}],"about":[{"href":"https:\/\/www.orthodontie-haguenau.fr\/index.php?rest_route=\/wp\/v2\/types\/page"}],"author":[{"embeddable":true,"href":"https:\/\/www.orthodontie-haguenau.fr\/index.php?rest_route=\/wp\/v2\/users\/2"}],"replies":[{"embeddable":true,"href":"https:\/\/www.orthodontie-haguenau.fr\/index.php?rest_route=%2Fwp%2Fv2%2Fcomments&post=4832"}],"version-history":[{"count":42,"href":"https:\/\/www.orthodontie-haguenau.fr\/index.php?rest_route=\/wp\/v2\/pages\/4832\/revisions"}],"predecessor-version":[{"id":5997,"href":"https:\/\/www.orthodontie-haguenau.fr\/index.php?rest_route=\/wp\/v2\/pages\/4832\/revisions\/5997"}],"wp:attachment":[{"href":"https:\/\/www.orthodontie-haguenau.fr\/index.php?rest_route=%2Fwp%2Fv2%2Fmedia&parent=4832"}],"curies":[{"name":"wp","href":"https:\/\/api.w.org\/{rel}","templated":true}]}}