{"id":4572,"date":"2023-06-15T14:25:49","date_gmt":"2023-06-15T12:25:49","guid":{"rendered":"https:\/\/www.orthodontie-haguenau.fr\/?page_id=4572"},"modified":"2025-03-31T16:02:09","modified_gmt":"2025-03-31T14:02:09","slug":"nos-valeurs","status":"publish","type":"page","link":"https:\/\/www.orthodontie-haguenau.fr\/?page_id=4572","title":{"rendered":"Notre force"},"content":{"rendered":"\n<div class=\"wp-block-greenshift-blocks-button gspb_button_wrapper gspb_button-id-gsbp-311542a4-8f24\" data-paneltype=\"block\" id=\"gspb_button-id-gsbp-311542a4-8f24\"><a class=\"gspb-buttonbox\" data-aos=\"fade\" data-aos-easing=\"ease\" data-aos-duration=\"1500\" href=\"#\" rel=\"noopener\"><span class=\"gspb-buttonbox-textwrap\"><span class=\"gspb-buttonbox-text\"><span class=\"gspb-buttonbox-title\">Un \u00e9quipement\u00a0num\u00e9rique\u00a0moderne, pour votre confort<\/span><\/span><\/span><div class=\"gspb_backgroundOverlay\"><\/div><\/a><div data-panelid=\"gspb_button-id-gsbp-311542a4-8f24\" class=\"gspb_slidingPanel\" data-hover=\"true\"><div class=\"gspb_slidingPanel-wrap\"><div class=\"gspb_slidingPanel-inner\"><\/div><\/div><\/div><\/div>\n\n\n\n<p class=\"wp-block-paragraph\"><\/p>\n\n\n\n<p class=\"wp-block-paragraph\"><\/p>\n\n\n\n<p class=\"wp-block-paragraph\"><\/p>\n\n\n\n<p class=\"wp-block-paragraph\"><\/p>\n\n\n\n<p class=\"has-text-align-center wp-block-paragraph\">Afin de respecter les derni\u00e8res recommandations scientifiques et de mener au mieux vos traitements, le cabinet d&rsquo;orthodontie est \u00e9quip\u00e9 de mat\u00e9riels de haute technologie :<\/p>\n\n\n\n<p class=\"wp-block-paragraph\"><\/p>\n\n\n\n<div class=\"wp-block-columns is-layout-flex wp-container-core-columns-is-layout-8f761849 wp-block-columns-is-layout-flex\">\n<div class=\"wp-block-column is-layout-flow wp-block-column-is-layout-flow\">\n<div class=\"wp-block-greenshift-blocks-button gspb_button_wrapper gspb_button-id-gsbp-50bc12ba-65a9\" data-paneltype=\"block\" id=\"gspb_button-id-gsbp-50bc12ba-65a9\"><a class=\"gspb-buttonbox\" data-aos=\"fade\" data-aos-easing=\"ease\" data-aos-duration=\"1500\" href=\"#\" rel=\"noopener\"><span class=\"gspb-buttonbox-textwrap\"><span class=\"gspb-buttonbox-text\"><span class=\"gspb-buttonbox-title\">Cam\u00e9ra num\u00e9rique intra-orale 3D<\/span><\/span><\/span><div class=\"gspb_backgroundOverlay\"><\/div><\/a><div data-panelid=\"gspb_button-id-gsbp-50bc12ba-65a9\" class=\"gspb_slidingPanel\" data-hover=\"\"><div class=\"gspb_slidingPanel-wrap\"><div class=\"gspb_slidingPanel-inner\"><\/div><\/div><\/div><\/div>\n\n\n\n<p class=\"wp-block-paragraph\"><\/p>\n\n\n\n<figure class=\"wp-block-video\"><video height=\"720\" style=\"aspect-ratio: 1280 \/ 720;\" width=\"1280\" controls loop muted poster=\"https:\/\/www.orthodontie-haguenau.fr\/wp-content\/uploads\/2023\/06\/IMG_3525-1-e1686831734697.jpg\" src=\"https:\/\/www.orthodontie-haguenau.fr\/wp-content\/uploads\/2023\/06\/scan-1.mp4\"><\/video><\/figure>\n<\/div>\n\n\n\n<div class=\"wp-block-column is-layout-flow wp-block-column-is-layout-flow\">\n<div class=\"wp-block-greenshift-blocks-button gspb_button_wrapper gspb_button-id-gsbp-5fdb4d06-6092\" data-paneltype=\"block\" id=\"gspb_button-id-gsbp-5fdb4d06-6092\"><a class=\"gspb-buttonbox\" data-aos=\"fade\" data-aos-easing=\"ease\" data-aos-duration=\"1500\" href=\"#\" rel=\"noopener\"><span class=\"gspb-buttonbox-textwrap\"><span class=\"gspb-buttonbox-text\"><span class=\"gspb-buttonbox-title\">Logiciel d&rsquo;orthodontie num\u00e9rique<br><\/span><\/span><\/span><div class=\"gspb_backgroundOverlay\"><\/div><\/a><div data-panelid=\"gspb_button-id-gsbp-5fdb4d06-6092\" class=\"gspb_slidingPanel\" data-hover=\"\"><div class=\"gspb_slidingPanel-wrap\"><div class=\"gspb_slidingPanel-inner\"><\/div><\/div><\/div><\/div>\n\n\n\n<p class=\"wp-block-paragraph\"><\/p>\n\n\n\n<figure class=\"wp-block-video\"><video height=\"720\" style=\"aspect-ratio: 1280 \/ 720;\" width=\"1280\" controls loop muted poster=\"https:\/\/www.orthodontie-haguenau.fr\/wp-content\/uploads\/2023\/06\/IMG_3525-1-e1686831734697.jpg\" src=\"https:\/\/www.orthodontie-haguenau.fr\/wp-content\/uploads\/2023\/06\/Segmentation-1.mp4\"><\/video><\/figure>\n\n\n\n<p class=\"wp-block-paragraph\"><\/p>\n<\/div>\n\n\n\n<div class=\"wp-block-column is-layout-flow wp-block-column-is-layout-flow\">\n<div class=\"wp-block-greenshift-blocks-button gspb_button_wrapper gspb_button-id-gsbp-797ba250-f4eb\" data-paneltype=\"block\" id=\"gspb_button-id-gsbp-797ba250-f4eb\"><a class=\"gspb-buttonbox\" data-aos=\"fade\" data-aos-easing=\"ease\" data-aos-duration=\"1500\" href=\"#\" rel=\"noopener\"><span class=\"gspb-buttonbox-textwrap\"><span class=\"gspb-buttonbox-text\"><span class=\"gspb-buttonbox-title\">D\u00e9coupeuse laser pour nos aligneurs<\/span><\/span><\/span><div class=\"gspb_backgroundOverlay\"><\/div><\/a><div data-panelid=\"gspb_button-id-gsbp-797ba250-f4eb\" class=\"gspb_slidingPanel\" data-hover=\"\"><div class=\"gspb_slidingPanel-wrap\"><div class=\"gspb_slidingPanel-inner\"><\/div><\/div><\/div><\/div>\n\n\n\n<p class=\"wp-block-paragraph\"><\/p>\n\n\n\n<figure class=\"wp-block-video\"><video height=\"480\" style=\"aspect-ratio: 848 \/ 480;\" width=\"848\" controls loop muted src=\"https:\/\/www.orthodontie-haguenau.fr\/wp-content\/uploads\/2025\/03\/decoupeuse.mp4\"><\/video><\/figure>\n<\/div>\n\n\n\n<div class=\"wp-block-column is-layout-flow wp-block-column-is-layout-flow\">\n<div class=\"wp-block-greenshift-blocks-button gspb_button_wrapper gspb_button-id-gsbp-5214a43\" data-paneltype=\"block\" id=\"gspb_button-id-gsbp-5214a43\"><a class=\"gspb-buttonbox\" data-aos=\"fade\" data-aos-easing=\"ease\" data-aos-duration=\"1500\" href=\"#\" rel=\"noopener\"><span class=\"gspb-buttonbox-textwrap\"><span class=\"gspb-buttonbox-text\"><span class=\"gspb-buttonbox-title\">Robot num\u00e9rique pour contention<\/span><\/span><\/span><div class=\"gspb_backgroundOverlay\"><\/div><\/a><div data-panelid=\"gspb_button-id-gsbp-5214a43\" class=\"gspb_slidingPanel\" data-hover=\"\"><div class=\"gspb_slidingPanel-wrap\"><div class=\"gspb_slidingPanel-inner\"><\/div><\/div><\/div><\/div>\n\n\n\n<p class=\"wp-block-paragraph\"><\/p>\n\n\n\n<figure class=\"wp-block-video\"><video height=\"242\" style=\"aspect-ratio: 428 \/ 242;\" width=\"428\" controls loop muted poster=\"https:\/\/www.orthodontie-haguenau.fr\/wp-content\/uploads\/2023\/06\/IMG_3525-1-e1686831734697.jpg\" src=\"https:\/\/www.orthodontie-haguenau.fr\/wp-content\/uploads\/2023\/06\/plieuse.mov\"><\/video><\/figure>\n<\/div>\n<\/div>\n\n\n\n<div class=\"wp-block-greenshift-blocks-button gspb_button_wrapper gspb_button-id-gsbp-81d42109-1b7b\" data-paneltype=\"block\" id=\"gspb_button-id-gsbp-81d42109-1b7b\"><a class=\"gspb-buttonbox\" data-aos=\"fade\" data-aos-easing=\"ease\" data-aos-duration=\"1500\" href=\"#\" rel=\"noopener\"><span class=\"gspb-buttonbox-textwrap\"><span class=\"gspb-buttonbox-text\"><span class=\"gspb-buttonbox-title\">L\u2019orthodontie transparente, accessible pour tous<\/span><\/span><\/span><div class=\"gspb_backgroundOverlay\"><\/div><\/a><div data-panelid=\"gspb_button-id-gsbp-81d42109-1b7b\" class=\"gspb_slidingPanel\" data-hover=\"\"><div class=\"gspb_slidingPanel-wrap\"><div class=\"gspb_slidingPanel-inner\"><\/div><\/div><\/div><\/div>\n\n\n\n<p class=\"wp-block-paragraph\"><\/p>\n\n\n\n<p class=\"wp-block-paragraph\"><\/p>\n\n\n\n<p class=\"wp-block-paragraph\"><\/p>\n\n\n\n<p class=\"wp-block-paragraph\"><\/p>\n\n\n\n<p class=\"has-text-align-center wp-block-paragraph\">L\u2019orthodontie \u00e9volue, et nous y contribuons. Le Dr TOLEDANO est sp\u00e9cialis\u00e9 en orthodontie transparente, et peut ainsi offrir des traitements individualis\u00e9s \u00e0 tous ses patients, des plus petits aux plus grands.<\/p>\n\n\n\n<p class=\"has-text-align-center wp-block-paragraph\">En faisant le choix d\u2019investir dans&nbsp;<strong>notre propre cha\u00eene d\u2019impression 3D,<\/strong> qui trouve sa place dans le flux num\u00e9rique de notre pratique, notre cabinet est en mesure d\u2019imprimer vos aligneurs transparents au sein m\u00eame de notre laboratoire.<\/p>\n\n\n\n<p class=\"has-text-align-center is-style-prefix-rounded-corners-10 wp-block-paragraph\">C\u2019est gr\u00e2ce \u00e0 cet investissement que nous sommes fiers d\u2019\u00eatre l\u2019un des seuls cabinets \u00e0 pouvoir proposer \u00e0 nos patients un traitement par aligneurs transparents&nbsp;fabriqu\u00e9s de A \u00e0 Z au sein&nbsp;m\u00eame&nbsp;de notre cabinet. Votre traitement devient plus&nbsp;confortable, plus rapide, et moins&nbsp;on\u00e9reux en raison de l\u2019absence de frais de&nbsp;laboratoire&nbsp;sous traitant !<\/p>\n\n\n\n<div class=\"wp-block-group\"><div class=\"wp-block-group__inner-container is-layout-constrained wp-block-group-is-layout-constrained\">\n<div class=\"wp-block-columns is-layout-flex wp-container-core-columns-is-layout-8f761849 wp-block-columns-is-layout-flex\">\n<div class=\"wp-block-column is-layout-flow wp-block-column-is-layout-flow\">\n<figure class=\"wp-block-video\"><video height=\"720\" style=\"aspect-ratio: 1280 \/ 720;\" width=\"1280\" controls loop muted poster=\"https:\/\/www.orthodontie-haguenau.fr\/wp-content\/uploads\/2023\/06\/IMG_3525-1-e1686831734697.jpg\" preload=\"auto\" src=\"https:\/\/www.orthodontie-haguenau.fr\/wp-content\/uploads\/2023\/06\/fabrication-1.mp4\"><\/video><\/figure>\n<\/div>\n\n\n\n<div class=\"wp-block-column is-layout-flow wp-block-column-is-layout-flow\">\n<figure class=\"wp-block-video\"><video height=\"720\" style=\"aspect-ratio: 1280 \/ 720;\" width=\"1280\" controls loop muted poster=\"https:\/\/www.orthodontie-haguenau.fr\/wp-content\/uploads\/2023\/06\/IMG_3525-1-e1686831734697.jpg\" preload=\"auto\" src=\"https:\/\/www.orthodontie-haguenau.fr\/wp-content\/uploads\/2023\/06\/exemple.mp4\"><\/video><\/figure>\n<\/div>\n<\/div>\n<\/div><\/div>\n\n\n","protected":false},"excerpt":{"rendered":"<p>Afin de respecter les derni\u00e8res recommandations scientifiques et de mener au mieux vos traitements, le cabinet d&rsquo;orthodontie est \u00e9quip\u00e9 de mat\u00e9riels de<\/p>\n<p class=\"link-more\"><a class=\"myButt \" href=\"https:\/\/www.orthodontie-haguenau.fr\/?page_id=4572\">Read More<\/a><\/p>\n","protected":false},"author":2,"featured_media":0,"parent":0,"menu_order":0,"comment_status":"closed","ping_status":"closed","template":"","meta":{"_gspb_post_css":".gspb_button-id-gsbp-311542a4-8f24 .gspb-buttonbox-text{display:flex;flex-direction:column}.gspb_button-id-gsbp-311542a4-8f24>.gspb-buttonbox{display:inline-block;text-decoration:none!important;position:relative;z-index:0;cursor:pointer;box-sizing:border-box;padding:8px;background-color:#ffffff00;opacity:.23;font-size:40px;line-height:40px;text-align:center!important;text-shadow:1px 1px 10px rgba(0,0,0,.15);color:#cac4c4;border-top-left-radius:50px;border-top-right-radius:50px;border-bottom-right-radius:50px;border-bottom-left-radius:50px;box-shadow:0 15px 25px 0 var(--wp--preset--color--cyan-bluish-gray, #abb8c3);transition-duration:1.5s;transition-timing-function:var(--gs-root-animation-easing, cubic-bezier(0.42, 0, 0.58, 1));opacity:var(--gs-root-animation-opacity, 0);transition-property:opacity,transform,filter}.gspb_button-id-gsbp-311542a4-8f24>.gspb-buttonbox>.gspb_backgroundOverlay{opacity:.51}.gspb_button-id-gsbp-311542a4-8f24>.gspb-buttonbox .gsap-g-line{text-align:center!important}.gspb_button-id-gsbp-311542a4-8f24>.gspb-buttonbox:hover{box-shadow:0 15px 25px 0 rgba(0,0,0,.1)}.gspb_button-id-gsbp-311542a4-8f24>.gspb-buttonbox.aos-animate,.gspb_button-id-gsbp-311542a4-8f24>.gspb-buttonbox[data-gs-aos]{opacity:1;transform:translateZ(0)}body.gspb-bodyfront .gspb_button-id-gsbp-311542a4-8f24,body.gspb-bodyfront .gspb_button-id-gsbp-50bc12ba-65a9,body.gspb-bodyfront .gspb_button-id-gsbp-5214a43,body.gspb-bodyfront .gspb_button-id-gsbp-5fdb4d06-6092,body.gspb-bodyfront .gspb_button-id-gsbp-797ba250-f4eb,body.gspb-bodyfront .gspb_button-id-gsbp-81d42109-1b7b{position:relative}body.scrollhidden{overflow:hidden}.gspb_button-id-gsbp-311542a4-8f24 .gspb_slidingPanel{visibility:hidden;opacity:0}.gspb_button-id-gsbp-311542a4-8f24 .gspb_slidingPanel.active{visibility:visible;opacity:1;z-index:99999;transition:opacity 500ms,visibility 300ms}.gspb_button-id-gsbp-311542a4-8f24 .gspb_slidingPanel-wrap{max-width:100%;box-sizing:border-box;background:#fff;color:#333;width:350px;position:relative}.gspb_button-id-gsbp-311542a4-8f24 .gspb_slidingPanel.active .gspb_slidingPanel-wrap,.gspb_button-id-gsbp-50bc12ba-65a9 .gspb_slidingPanel.active .gspb_slidingPanel-wrap,.gspb_button-id-gsbp-5214a43 .gspb_slidingPanel.active .gspb_slidingPanel-wrap,.gspb_button-id-gsbp-5fdb4d06-6092 .gspb_slidingPanel.active .gspb_slidingPanel-wrap,.gspb_button-id-gsbp-797ba250-f4eb .gspb_slidingPanel.active .gspb_slidingPanel-wrap,.gspb_button-id-gsbp-81d42109-1b7b .gspb_slidingPanel.active .gspb_slidingPanel-wrap{transform:translate3d(0,0,0)!important;opacity:1!important}.gspb_button-id-gsbp-311542a4-8f24 .gspb_slidingPanel-inner{padding:25px}@media (max-width:500px){.gspb_button-id-gsbp-311542a4-8f24 .gspb_slidingPanel-wrap{width:300px}}.gspb_button-id-gsbp-311542a4-8f24 .gspb_slidingPanel{position:absolute;bottom:100%;left:0;right:0}.gspb_button-id-gsbp-311542a4-8f24 .gspb_slidingPanel-wrap{transform:translate3d(0,-30px,0);transition:transform .5s cubic-bezier(.165,.84,.44,1),opacity .3s;opacity:0}.gspb_button-id-gsbp-311542a4-8f24,.gspb_button-id-gsbp-50bc12ba-65a9{display:flex;justify-content:center}.gspb_button-id-gsbp-50bc12ba-65a9 .gspb-buttonbox-text{display:flex;flex-direction:column}.gspb_button-id-gsbp-50bc12ba-65a9>.gspb-buttonbox{display:inline-block;text-decoration:none!important;line-height:16px;position:relative;z-index:0;cursor:pointer;box-sizing:border-box;padding:8px;background-color:#ffffff00;opacity:.23;font-size:18px;text-align:center!important;text-shadow:1px 1px 10px rgba(0,0,0,.15);color:#cac4c4;border-top-left-radius:50px;border-top-right-radius:50px;border-bottom-right-radius:50px;border-bottom-left-radius:50px;box-shadow:0 15px 25px 0 var(--wp--preset--color--cyan-bluish-gray, #abb8c3);transition-duration:1.5s;transition-timing-function:var(--gs-root-animation-easing, cubic-bezier(0.42, 0, 0.58, 1));opacity:var(--gs-root-animation-opacity, 0);transition-property:opacity,transform,filter}.gspb_button-id-gsbp-50bc12ba-65a9>.gspb-buttonbox>.gspb_backgroundOverlay{opacity:.51}.gspb_button-id-gsbp-50bc12ba-65a9>.gspb-buttonbox .gsap-g-line{text-align:center!important}.gspb_button-id-gsbp-50bc12ba-65a9>.gspb-buttonbox:hover{box-shadow:0 15px 25px 0 rgba(0,0,0,.1)}.gspb_button-id-gsbp-50bc12ba-65a9>.gspb-buttonbox.aos-animate,.gspb_button-id-gsbp-50bc12ba-65a9>.gspb-buttonbox[data-gs-aos]{opacity:1;transform:translateZ(0)}.gspb_button-id-gsbp-50bc12ba-65a9 .gspb_slidingPanel{visibility:hidden;opacity:0}.gspb_button-id-gsbp-50bc12ba-65a9 .gspb_slidingPanel.active{visibility:visible;opacity:1;z-index:99999;transition:opacity 500ms,visibility 300ms}.gspb_button-id-gsbp-50bc12ba-65a9 .gspb_slidingPanel-wrap{max-width:100%;box-sizing:border-box;background:#fff;color:#333;position:relative}.gspb_button-id-gsbp-50bc12ba-65a9 .gspb_slidingPanel-inner{padding:25px}@media (max-width:500px){.gspb_button-id-gsbp-50bc12ba-65a9 .gspb_slidingPanel-wrap{width:300px}}.gspb_button-id-gsbp-50bc12ba-65a9 .gspb_slidingPanel{position:absolute;top:100%;left:0;right:0}.gspb_button-id-gsbp-50bc12ba-65a9 .gspb_slidingPanel-wrap{transform:translate3d(0,30px,0);transition:transform .5s cubic-bezier(.165,.84,.44,1),opacity .3s;opacity:0;width:722px}.gspb_button-id-gsbp-5fdb4d06-6092 .gspb-buttonbox-text{display:flex;flex-direction:column}.gspb_button-id-gsbp-5fdb4d06-6092>.gspb-buttonbox{display:inline-block;text-decoration:none!important;line-height:16px;position:relative;z-index:0;cursor:pointer;box-sizing:border-box;padding:8px;background-color:#ffffff00;opacity:.23;font-size:18px;text-align:center!important;text-shadow:1px 1px 10px rgba(0,0,0,.15);color:#cac4c4;border-top-left-radius:50px;border-top-right-radius:50px;border-bottom-right-radius:50px;border-bottom-left-radius:50px;box-shadow:0 15px 25px 0 var(--wp--preset--color--cyan-bluish-gray, #abb8c3);transition-duration:1.5s;transition-timing-function:var(--gs-root-animation-easing, cubic-bezier(0.42, 0, 0.58, 1));opacity:var(--gs-root-animation-opacity, 0);transition-property:opacity,transform,filter}.gspb_button-id-gsbp-5fdb4d06-6092>.gspb-buttonbox>.gspb_backgroundOverlay{opacity:.51}.gspb_button-id-gsbp-5fdb4d06-6092>.gspb-buttonbox .gsap-g-line{text-align:center!important}.gspb_button-id-gsbp-5fdb4d06-6092>.gspb-buttonbox:hover{box-shadow:0 15px 25px 0 rgba(0,0,0,.1)}.gspb_button-id-gsbp-5fdb4d06-6092>.gspb-buttonbox.aos-animate,.gspb_button-id-gsbp-5fdb4d06-6092>.gspb-buttonbox[data-gs-aos]{opacity:1;transform:translateZ(0)}.gspb_button-id-gsbp-5fdb4d06-6092 .gspb_slidingPanel{visibility:hidden;opacity:0}.gspb_button-id-gsbp-5fdb4d06-6092 .gspb_slidingPanel.active{visibility:visible;opacity:1;z-index:99999;transition:opacity 500ms,visibility 300ms}.gspb_button-id-gsbp-5fdb4d06-6092 .gspb_slidingPanel-wrap{max-width:100%;box-sizing:border-box;background:#fff;color:#333;width:350px;position:relative}.gspb_button-id-gsbp-5fdb4d06-6092 .gspb_slidingPanel-inner{padding:25px}@media (max-width:500px){.gspb_button-id-gsbp-5fdb4d06-6092 .gspb_slidingPanel-wrap{width:300px}}.gspb_button-id-gsbp-5fdb4d06-6092 .gspb_slidingPanel{position:absolute;top:100%;left:0;right:0}.gspb_button-id-gsbp-5fdb4d06-6092 .gspb_slidingPanel-wrap{transform:translate3d(0,30px,0);transition:transform .5s cubic-bezier(.165,.84,.44,1),opacity .3s;opacity:0}.gspb_button-id-gsbp-5fdb4d06-6092,.gspb_button-id-gsbp-797ba250-f4eb{display:flex;justify-content:center}.gspb_button-id-gsbp-797ba250-f4eb .gspb-buttonbox-text{display:flex;flex-direction:column}.gspb_button-id-gsbp-797ba250-f4eb>.gspb-buttonbox{display:inline-block;text-decoration:none!important;line-height:16px;position:relative;z-index:0;cursor:pointer;box-sizing:border-box;padding:8px;background-color:#ffffff00;opacity:.23;font-size:18px;text-align:center!important;text-shadow:1px 1px 10px rgba(0,0,0,.15);color:#cac4c4;border-top-left-radius:50px;border-top-right-radius:50px;border-bottom-right-radius:50px;border-bottom-left-radius:50px;box-shadow:0 15px 25px 0 var(--wp--preset--color--cyan-bluish-gray, #abb8c3);transition-duration:1.5s;transition-timing-function:var(--gs-root-animation-easing, cubic-bezier(0.42, 0, 0.58, 1));opacity:var(--gs-root-animation-opacity, 0);transition-property:opacity,transform,filter}.gspb_button-id-gsbp-797ba250-f4eb>.gspb-buttonbox>.gspb_backgroundOverlay{opacity:.51}.gspb_button-id-gsbp-797ba250-f4eb>.gspb-buttonbox .gsap-g-line{text-align:center!important}.gspb_button-id-gsbp-797ba250-f4eb>.gspb-buttonbox:hover{box-shadow:0 15px 25px 0 rgba(0,0,0,.1)}.gspb_button-id-gsbp-797ba250-f4eb>.gspb-buttonbox.aos-animate,.gspb_button-id-gsbp-797ba250-f4eb>.gspb-buttonbox[data-gs-aos]{opacity:1;transform:translateZ(0)}.gspb_button-id-gsbp-797ba250-f4eb .gspb_slidingPanel{visibility:hidden;opacity:0}.gspb_button-id-gsbp-797ba250-f4eb .gspb_slidingPanel.active{visibility:visible;opacity:1;z-index:99999;transition:opacity 500ms,visibility 300ms}.gspb_button-id-gsbp-797ba250-f4eb .gspb_slidingPanel-wrap{max-width:100%;box-sizing:border-box;background:#fff;color:#333;width:350px;position:relative}.gspb_button-id-gsbp-797ba250-f4eb .gspb_slidingPanel-inner{padding:25px}@media (max-width:500px){.gspb_button-id-gsbp-797ba250-f4eb .gspb_slidingPanel-wrap{width:300px}}.gspb_button-id-gsbp-797ba250-f4eb .gspb_slidingPanel{position:absolute;top:100%;left:0;right:0}.gspb_button-id-gsbp-797ba250-f4eb .gspb_slidingPanel-wrap{transform:translate3d(0,30px,0);transition:transform .5s cubic-bezier(.165,.84,.44,1),opacity .3s;opacity:0}.gspb_button-id-gsbp-5214a43 .gspb-buttonbox-text{display:flex;flex-direction:column}.gspb_button-id-gsbp-5214a43>.gspb-buttonbox{display:inline-block;text-decoration:none!important;line-height:16px;position:relative;z-index:0;cursor:pointer;box-sizing:border-box;padding:8px;background-color:#ffffff00;opacity:.23;font-size:18px;text-align:center!important;text-shadow:1px 1px 10px rgba(0,0,0,.15);color:#cac4c4;border-top-left-radius:50px;border-top-right-radius:50px;border-bottom-right-radius:50px;border-bottom-left-radius:50px;box-shadow:0 15px 25px 0 var(--wp--preset--color--cyan-bluish-gray, #abb8c3);transition-duration:1.5s;transition-timing-function:var(--gs-root-animation-easing, cubic-bezier(0.42, 0, 0.58, 1));opacity:var(--gs-root-animation-opacity, 0);transition-property:opacity,transform,filter}.gspb_button-id-gsbp-5214a43>.gspb-buttonbox>.gspb_backgroundOverlay{opacity:.51}.gspb_button-id-gsbp-5214a43>.gspb-buttonbox .gsap-g-line{text-align:center!important}.gspb_button-id-gsbp-5214a43>.gspb-buttonbox:hover{box-shadow:0 15px 25px 0 rgba(0,0,0,.1)}.gspb_button-id-gsbp-5214a43>.gspb-buttonbox.aos-animate,.gspb_button-id-gsbp-5214a43>.gspb-buttonbox[data-gs-aos]{opacity:1;transform:translateZ(0)}.gspb_button-id-gsbp-5214a43 .gspb_slidingPanel{visibility:hidden;opacity:0}.gspb_button-id-gsbp-5214a43 .gspb_slidingPanel.active{visibility:visible;opacity:1;z-index:99999;transition:opacity 500ms,visibility 300ms}.gspb_button-id-gsbp-5214a43 .gspb_slidingPanel-wrap{max-width:100%;box-sizing:border-box;background:#fff;color:#333;width:350px;position:relative}.gspb_button-id-gsbp-5214a43 .gspb_slidingPanel-inner{padding:25px}@media (max-width:500px){.gspb_button-id-gsbp-5214a43 .gspb_slidingPanel-wrap{width:300px}}.gspb_button-id-gsbp-5214a43 .gspb_slidingPanel{position:absolute;top:100%;left:0;right:0}.gspb_button-id-gsbp-5214a43 .gspb_slidingPanel-wrap{transform:translate3d(0,30px,0);transition:transform .5s cubic-bezier(.165,.84,.44,1),opacity .3s;opacity:0}.gspb_button-id-gsbp-5214a43,.gspb_button-id-gsbp-81d42109-1b7b{display:flex;justify-content:center}.gspb_button-id-gsbp-81d42109-1b7b .gspb-buttonbox-text{display:flex;flex-direction:column}.gspb_button-id-gsbp-81d42109-1b7b>.gspb-buttonbox{display:inline-block;text-decoration:none!important;position:relative;z-index:0;cursor:pointer;box-sizing:border-box;padding:8px;background-color:#ffffff00;opacity:.23;font-size:40px;line-height:40px;text-align:center!important;text-shadow:1px 1px 10px rgba(0,0,0,.15);color:#cac4c4;border-top-left-radius:50px;border-top-right-radius:50px;border-bottom-right-radius:50px;border-bottom-left-radius:50px;box-shadow:0 15px 25px 0 var(--wp--preset--color--cyan-bluish-gray, #abb8c3);transition-duration:1.5s;transition-timing-function:var(--gs-root-animation-easing, cubic-bezier(0.42, 0, 0.58, 1));opacity:var(--gs-root-animation-opacity, 0);transition-property:opacity,transform,filter}.gspb_button-id-gsbp-81d42109-1b7b>.gspb-buttonbox>.gspb_backgroundOverlay{opacity:.51}.gspb_button-id-gsbp-81d42109-1b7b>.gspb-buttonbox .gsap-g-line{text-align:center!important}.gspb_button-id-gsbp-81d42109-1b7b>.gspb-buttonbox:hover{box-shadow:0 15px 25px 0 rgba(0,0,0,.1)}.gspb_button-id-gsbp-81d42109-1b7b>.gspb-buttonbox.aos-animate,.gspb_button-id-gsbp-81d42109-1b7b>.gspb-buttonbox[data-gs-aos]{opacity:1;transform:translateZ(0)}.gspb_button-id-gsbp-81d42109-1b7b .gspb_slidingPanel{visibility:hidden;opacity:0}.gspb_button-id-gsbp-81d42109-1b7b .gspb_slidingPanel.active{visibility:visible;opacity:1;z-index:99999;transition:opacity 500ms,visibility 300ms}.gspb_button-id-gsbp-81d42109-1b7b .gspb_slidingPanel-wrap{max-width:100%;box-sizing:border-box;background:#fff;color:#333;width:350px;position:relative}.gspb_button-id-gsbp-81d42109-1b7b .gspb_slidingPanel-inner{padding:25px}@media (max-width:500px){.gspb_button-id-gsbp-81d42109-1b7b .gspb_slidingPanel-wrap{width:300px}}.gspb_button-id-gsbp-81d42109-1b7b .gspb_slidingPanel{position:absolute;bottom:100%;left:0;right:0}.gspb_button-id-gsbp-81d42109-1b7b .gspb_slidingPanel-wrap{transform:translate3d(0,-30px,0);transition:transform .5s cubic-bezier(.165,.84,.44,1),opacity .3s;opacity:0}","_crdt_document":"","_uag_custom_page_level_css":"","advgb_blocks_editor_width":"","advgb_blocks_columns_visual_guide":"","footnotes":""},"class_list":["post-4572","page","type-page","status-publish","hentry"],"uagb_featured_image_src":{"full":false,"thumbnail":false,"medium":false,"medium_large":false,"large":false,"1536x1536":false,"2048x2048":false},"uagb_author_info":{"display_name":"Eric Toledano","author_link":"https:\/\/www.orthodontie-haguenau.fr\/?author=2"},"uagb_comment_info":0,"uagb_excerpt":"Afin de respecter les derni\u00e8res recommandations scientifiques et de mener au mieux vos traitements, le cabinet d&rsquo;orthodontie est \u00e9quip\u00e9 de mat\u00e9riels deRead More","coauthors":[],"author_meta":{"author_link":"https:\/\/www.orthodontie-haguenau.fr\/?author=2","display_name":"Eric Toledano"},"relative_dates":{"created":"Publi\u00e9 3 ans il y a","modified":"Mis \u00e0 jour 1 an il y a"},"absolute_dates":{"created":"Publi\u00e9 le 15 juin 2023","modified":"Mise \u00e0 jour le 31 mars 2025"},"absolute_dates_time":{"created":"Publi\u00e9 le 15 juin 2023 14 h 25 min","modified":"Mise \u00e0 jour le 31 mars 2025 16 h 02 min"},"featured_img_caption":"","featured_img":false,"series_order":"","_links":{"self":[{"href":"https:\/\/www.orthodontie-haguenau.fr\/index.php?rest_route=\/wp\/v2\/pages\/4572","targetHints":{"allow":["GET"]}}],"collection":[{"href":"https:\/\/www.orthodontie-haguenau.fr\/index.php?rest_route=\/wp\/v2\/pages"}],"about":[{"href":"https:\/\/www.orthodontie-haguenau.fr\/index.php?rest_route=\/wp\/v2\/types\/page"}],"author":[{"embeddable":true,"href":"https:\/\/www.orthodontie-haguenau.fr\/index.php?rest_route=\/wp\/v2\/users\/2"}],"replies":[{"embeddable":true,"href":"https:\/\/www.orthodontie-haguenau.fr\/index.php?rest_route=%2Fwp%2Fv2%2Fcomments&post=4572"}],"version-history":[{"count":49,"href":"https:\/\/www.orthodontie-haguenau.fr\/index.php?rest_route=\/wp\/v2\/pages\/4572\/revisions"}],"predecessor-version":[{"id":6447,"href":"https:\/\/www.orthodontie-haguenau.fr\/index.php?rest_route=\/wp\/v2\/pages\/4572\/revisions\/6447"}],"wp:attachment":[{"href":"https:\/\/www.orthodontie-haguenau.fr\/index.php?rest_route=%2Fwp%2Fv2%2Fmedia&parent=4572"}],"curies":[{"name":"wp","href":"https:\/\/api.w.org\/{rel}","templated":true}]}}